{"id":12429,"date":"2026-03-17T12:09:12","date_gmt":"2026-03-17T12:09:12","guid":{"rendered":"https:\/\/wrapio.shop\/?post_type=product&#038;p=12429"},"modified":"2026-04-02T10:16:20","modified_gmt":"2026-04-02T10:16:20","slug":"airpods-max-2","status":"publish","type":"product","link":"https:\/\/wrapio.shop\/pt\/produto\/airpods-max-2\/","title":{"rendered":"Apple Airpods Max 2 with Active Noise Cancellation"},"content":{"rendered":"<div data-elementor-type=\"wp-post\" data-elementor-id=\"12429\" class=\"elementor elementor-12429\">\n\t\t\t\t<div class=\"elementor-element elementor-element-cb9c89a e-flex e-con-boxed e-con e-parent\" data-id=\"cb9c89a\" data-element_type=\"container\">\n\t\t\t\t\t<div class=\"e-con-inner\">\n\t\t\t\t<div class=\"elementor-element elementor-element-c53a8fc elementor-widget elementor-widget-text-editor\" data-id=\"c53a8fc\" data-element_type=\"widget\" data-widget_type=\"text-editor.default\">\n\t\t\t\t<div class=\"elementor-widget-container\">\n\t\t\t\t\t\t\t\t\t<h3 style=\"color: #444; margin-top: 20px;\">Descri\u00e7\u00e3o<\/h3>\n<p style=\"margin-bottom: 30px;\">The Apple AirPods Max 2 redefine the premium over-ear listening experience, combining breathtaking high-fidelity audio with intelligent noise control and all-day comfort.<\/p>\n\n<hr style=\"border: 0; border-top: 1px solid #eaeaea; margin-bottom: 30px;\">\n\n<h3 style=\"color: #444; margin-bottom: 20px;\">Especifica\u00e7\u00f5es T\u00e9cnicas<\/h3>\n<table style=\"border-collapse: collapse; width: 100%; text-align: left; font-size: 14px;\">\n    <tbody>\n        <tr style=\"border-bottom: 1px solid #eaeaea;\">\n            <td style=\"padding: 15px 0; width: 30%;\"><strong>Audio<\/strong><\/td>\n            <td style=\"padding: 15px 0;\">Apple-designed dynamic driver with Dual H2 chips<\/td>\n        <\/tr>\n        <tr style=\"border-bottom: 1px solid #eaeaea;\">\n            <td style=\"padding: 15px 0;\"><strong>Noise Control<\/strong><\/td>\n            <td style=\"padding: 15px 0;\">Active Noise Cancellation (ANC) &#038; Adaptive Audio<\/td>\n        <\/tr>\n        <tr style=\"border-bottom: 1px solid #eaeaea;\">\n            <td style=\"padding: 15px 0;\"><strong>Connections<\/strong><\/td>\n            <td style=\"padding: 15px 0;\">Bluetooth 5.3 &#038; USB-C (Lossless Audio)<\/td>\n        <\/tr>\n        <tr style=\"border-bottom: 1px solid #eaeaea;\">\n            <td style=\"padding: 15px 0; vertical-align: top;\"><strong>Battery &#038; Features<\/strong><\/td>\n            <td style=\"padding: 15px 0; line-height: 1.6;\">\n                &bull; Up to 20 hours listening time<br>\n                &bull; Personalized Spatial Audio &#038; Voice Isolation\n            <\/td>\n        <\/tr>\n    <\/tbody>\n<\/table>\t\t\t\t\t\t\t\t<\/div>\n\t\t\t\t<\/div>\n\t\t\t\t\t<\/div>\n\t\t\t\t<\/div>\n\t\t\t\t<\/div>","protected":false},"excerpt":{"rendered":"<p>Description The Apple AirPods Max 2 redefine the premium over-ear listening experience, combining breathtaking high-fidelity audio with intelligent noise control and all-day comfort. Technical Specifications Audio Apple-designed dynamic driver with Dual H2 chips Noise Control Active Noise Cancellation (ANC) &amp; Adaptive Audio Connections Bluetooth 5.3 &amp; USB-C (Lossless Audio) Battery &amp; Features \u2022 Up to [&hellip;]<\/p>","protected":false},"featured_media":12436,"comment_status":"open","ping_status":"closed","template":"","meta":[],"product_brand":[390],"product_cat":[389,370],"product_tag":[429,428],"class_list":{"0":"post-12429","1":"product","2":"type-product","3":"status-publish","4":"has-post-thumbnail","6":"product_brand-apple","7":"product_cat-accessories","8":"product_cat-airpod","9":"product_tag-gift-idea","10":"product_tag-new-arrival","11":"ts_product_brand-apple","13":"first","14":"instock","15":"shipping-taxable","16":"purchasable","17":"product-type-variable","18":"has-default-attributes","19":"add-to-wishlist-after_add_to_cart"},"yoast_head":"<!-- This site is optimized with the Yoast SEO plugin v26.5 - https:\/\/yoast.com\/wordpress\/plugins\/seo\/ -->\n<title>Apple Airpods Max 2 with Active Noise Cancellation - Wrapio Shop<\/title>\n<meta name=\"description\" content=\"The Apple AirPods Max 2 deliver the ultimate over-ear listening experience. Powered by the incredibly advanced Apple H2 chip, they offer enhanced Active Noise Cancellation, Adaptive Audio, Personalized Spatial Audio.\" \/>\n<meta name=\"robots\" content=\"index, follow, max-snippet:-1, max-image-preview:large, max-video-preview:-1\" \/>\n<link rel=\"canonical\" href=\"https:\/\/wrapio.shop\/pt\/produto\/airpods-max-2\/\" \/>\n<meta property=\"og:locale\" content=\"pt_PT\" \/>\n<meta property=\"og:type\" content=\"article\" \/>\n<meta property=\"og:title\" content=\"Apple Airpods Max 2 with Active Noise Cancellation - Wrapio Shop\" \/>\n<meta property=\"og:description\" content=\"The Apple AirPods Max 2 deliver the ultimate over-ear listening experience. Powered by the incredibly advanced Apple H2 chip, they offer enhanced Active Noise Cancellation, Adaptive Audio, Personalized Spatial Audio.\" \/>\n<meta property=\"og:url\" content=\"https:\/\/wrapio.shop\/pt\/produto\/airpods-max-2\/\" \/>\n<meta property=\"og:site_name\" content=\"Wrapio Shop\" \/>\n<meta property=\"article:modified_time\" content=\"2026-04-02T10:16:20+00:00\" \/>\n<meta property=\"og:image\" content=\"https:\/\/wrapio.shop\/wp-content\/uploads\/2026\/03\/airpods-max-select-202409-midnight_FV1_result.avif\" \/>\n\t<meta property=\"og:image:width\" content=\"976\" \/>\n\t<meta property=\"og:image:height\" content=\"916\" \/>\n\t<meta property=\"og:image:type\" content=\"image\/webp\" \/>\n<meta name=\"twitter:card\" content=\"summary_large_image\" \/>\n<meta name=\"twitter:label1\" content=\"Tempo estimado de leitura\" \/>\n\t<meta name=\"twitter:data1\" content=\"1 minuto\" \/>\n<!-- \/ Yoast SEO plugin. -->","yoast_head_json":{"title":"Apple Airpods Max 2 with Active Noise Cancellation - Wrapio Shop","description":"The Apple AirPods Max 2 deliver the ultimate over-ear listening experience. Powered by the incredibly advanced Apple H2 chip, they offer enhanced Active Noise Cancellation, Adaptive Audio, Personalized Spatial Audio.","robots":{"index":"index","follow":"follow","max-snippet":"max-snippet:-1","max-image-preview":"max-image-preview:large","max-video-preview":"max-video-preview:-1"},"canonical":"https:\/\/wrapio.shop\/pt\/produto\/airpods-max-2\/","og_locale":"pt_PT","og_type":"article","og_title":"Apple Airpods Max 2 with Active Noise Cancellation - Wrapio Shop","og_description":"The Apple AirPods Max 2 deliver the ultimate over-ear listening experience. Powered by the incredibly advanced Apple H2 chip, they offer enhanced Active Noise Cancellation, Adaptive Audio, Personalized Spatial Audio.","og_url":"https:\/\/wrapio.shop\/pt\/produto\/airpods-max-2\/","og_site_name":"Wrapio Shop","article_modified_time":"2026-04-02T10:16:20+00:00","og_image":[{"width":976,"height":916,"url":"https:\/\/wrapio.shop\/wp-content\/uploads\/2026\/03\/airpods-max-select-202409-midnight_FV1_result.avif","type":"image\/webp"}],"twitter_card":"summary_large_image","twitter_misc":{"Tempo estimado de leitura":"1 minuto"},"schema":{"@context":"https:\/\/schema.org","@graph":[{"@type":"WebPage","@id":"https:\/\/wrapio.shop\/product\/airpods-max-2\/","url":"https:\/\/wrapio.shop\/product\/airpods-max-2\/","name":"Apple Airpods Max 2 with Active Noise Cancellation - Wrapio Shop","isPartOf":{"@id":"https:\/\/wrapio.shop\/#website"},"primaryImageOfPage":{"@id":"https:\/\/wrapio.shop\/product\/airpods-max-2\/#primaryimage"},"image":{"@id":"https:\/\/wrapio.shop\/product\/airpods-max-2\/#primaryimage"},"thumbnailUrl":"https:\/\/wrapio.shop\/wp-content\/uploads\/2026\/03\/airpods-max-select-202409-midnight_FV1_result.avif","datePublished":"2026-03-17T12:09:12+00:00","dateModified":"2026-04-02T10:16:20+00:00","description":"The Apple AirPods Max 2 deliver the ultimate over-ear listening experience. Powered by the incredibly advanced Apple H2 chip, they offer enhanced Active Noise Cancellation, Adaptive Audio, Personalized Spatial Audio.","breadcrumb":{"@id":"https:\/\/wrapio.shop\/product\/airpods-max-2\/#breadcrumb"},"inLanguage":"pt-PT","potentialAction":[{"@type":"ReadAction","target":["https:\/\/wrapio.shop\/product\/airpods-max-2\/"]}]},{"@type":"ImageObject","inLanguage":"pt-PT","@id":"https:\/\/wrapio.shop\/product\/airpods-max-2\/#primaryimage","url":"https:\/\/wrapio.shop\/wp-content\/uploads\/2026\/03\/airpods-max-select-202409-midnight_FV1_result.avif","contentUrl":"https:\/\/wrapio.shop\/wp-content\/uploads\/2026\/03\/airpods-max-select-202409-midnight_FV1_result.avif","width":976,"height":916},{"@type":"BreadcrumbList","@id":"https:\/\/wrapio.shop\/product\/airpods-max-2\/#breadcrumb","itemListElement":[{"@type":"ListItem","position":1,"name":"Home","item":"https:\/\/wrapio.shop\/"},{"@type":"ListItem","position":2,"name":"Shop","item":"https:\/\/wrapio.shop\/shop\/"},{"@type":"ListItem","position":3,"name":"Apple Airpods Max 2 with Active Noise Cancellation"}]},{"@type":"WebSite","@id":"https:\/\/wrapio.shop\/#website","url":"https:\/\/wrapio.shop\/","name":"Wrapio Shop","description":"Redesign Your Phone and Cards","potentialAction":[{"@type":"SearchAction","target":{"@type":"EntryPoint","urlTemplate":"https:\/\/wrapio.shop\/?s={search_term_string}"},"query-input":{"@type":"PropertyValueSpecification","valueRequired":true,"valueName":"search_term_string"}}],"inLanguage":"pt-PT"}]}},"_links":{"self":[{"href":"https:\/\/wrapio.shop\/pt\/wp-json\/wp\/v2\/product\/12429","targetHints":{"allow":["GET"]}}],"collection":[{"href":"https:\/\/wrapio.shop\/pt\/wp-json\/wp\/v2\/product"}],"about":[{"href":"https:\/\/wrapio.shop\/pt\/wp-json\/wp\/v2\/types\/product"}],"replies":[{"embeddable":true,"href":"https:\/\/wrapio.shop\/pt\/wp-json\/wp\/v2\/comments?post=12429"}],"version-history":[{"count":9,"href":"https:\/\/wrapio.shop\/pt\/wp-json\/wp\/v2\/product\/12429\/revisions"}],"predecessor-version":[{"id":13083,"href":"https:\/\/wrapio.shop\/pt\/wp-json\/wp\/v2\/product\/12429\/revisions\/13083"}],"wp:featuredmedia":[{"embeddable":true,"href":"https:\/\/wrapio.shop\/pt\/wp-json\/wp\/v2\/media\/12436"}],"wp:attachment":[{"href":"https:\/\/wrapio.shop\/pt\/wp-json\/wp\/v2\/media?parent=12429"}],"wp:term":[{"taxonomy":"product_brand","embeddable":true,"href":"https:\/\/wrapio.shop\/pt\/wp-json\/wp\/v2\/product_brand?post=12429"},{"taxonomy":"product_cat","embeddable":true,"href":"https:\/\/wrapio.shop\/pt\/wp-json\/wp\/v2\/product_cat?post=12429"},{"taxonomy":"product_tag","embeddable":true,"href":"https:\/\/wrapio.shop\/pt\/wp-json\/wp\/v2\/product_tag?post=12429"}],"curies":[{"name":"wp","href":"https:\/\/api.w.org\/{rel}","templated":true}]}}