{"id":12351,"date":"2026-03-16T12:33:22","date_gmt":"2026-03-16T12:33:22","guid":{"rendered":"https:\/\/wrapio.shop\/?post_type=product&#038;p=12351"},"modified":"2026-04-02T10:21:31","modified_gmt":"2026-04-02T10:21:31","slug":"ipad-air-11-inch","status":"publish","type":"product","link":"https:\/\/wrapio.shop\/pt\/produto\/ipad-air-11-inch\/","title":{"rendered":"Apple iPad Air 2026 11 Inch"},"content":{"rendered":"<div data-elementor-type=\"wp-post\" data-elementor-id=\"12351\" class=\"elementor elementor-12351\">\n\t\t\t\t<div class=\"elementor-element elementor-element-9ede4db e-flex e-con-boxed e-con e-parent\" data-id=\"9ede4db\" data-element_type=\"container\">\n\t\t\t\t\t<div class=\"e-con-inner\">\n\t\t\t\t<div class=\"elementor-element elementor-element-13d0e37 elementor-widget elementor-widget-text-editor\" data-id=\"13d0e37\" data-element_type=\"widget\" data-widget_type=\"text-editor.default\">\n\t\t\t\t<div class=\"elementor-widget-container\">\n\t\t\t\t\t\t\t\t\t<h3 style=\"color: #444; margin-top: 20px;\">Descri\u00e7\u00e3o<\/h3>\n<p style=\"margin-bottom: 30px;\">The Apple iPad Air 11 brings pro-level power to an incredibly portable design, merging a stunning 11-inch Liquid Retina display with the blazing-fast M4 chip.<\/p>\n\n<hr style=\"border: 0; border-top: 1px solid #eaeaea; margin-bottom: 30px;\">\n\n<h3 style=\"color: #444; margin-bottom: 20px;\">Especifica\u00e7\u00f5es T\u00e9cnicas<\/h3>\n<table style=\"border-collapse: collapse; width: 100%; text-align: left; font-size: 14px;\">\n    <tbody>\n        <tr style=\"border-bottom: 1px solid #eaeaea;\">\n            <td style=\"padding: 15px 0; width: 30%;\"><strong>Screen<\/strong><\/td>\n            <td style=\"padding: 15px 0;\">11.0&#8243; Liquid Retina IPS LCD<\/td>\n        <\/tr>\n        <tr style=\"border-bottom: 1px solid #eaeaea;\">\n            <td style=\"padding: 15px 0;\"><strong>Processor<\/strong><\/td>\n            <td style=\"padding: 15px 0;\">Apple M4 (12 GB RAM)<\/td>\n        <\/tr>\n        <tr style=\"border-bottom: 1px solid #eaeaea;\">\n            <td style=\"padding: 15px 0;\"><strong>Connections<\/strong><\/td>\n            <td style=\"padding: 15px 0;\">Wi-Fi 7; Bluetooth 6.0; 5G (eSIM option)<\/td>\n        <\/tr>\n        <tr style=\"border-bottom: 1px solid #eaeaea;\">\n            <td style=\"padding: 15px 0; vertical-align: top;\"><strong>Cameras &#038; Battery<\/strong><\/td>\n            <td style=\"padding: 15px 0; line-height: 1.6;\">\n                &bull; 12 MP Wide (rear) &#038; Ultrawide (front)<br>\n                &bull; 7606 mAh battery\n            <\/td>\n        <\/tr>\n    <\/tbody>\n<\/table>\t\t\t\t\t\t\t\t<\/div>\n\t\t\t\t<\/div>\n\t\t\t\t\t<\/div>\n\t\t\t\t<\/div>\n\t\t\t\t<\/div>","protected":false},"excerpt":{"rendered":"<p>Description The Apple iPad Air 11 brings pro-level power to an incredibly portable design, merging a stunning 11-inch Liquid Retina display with the blazing-fast M4 chip. Technical Specifications Screen 11.0&#8243; Liquid Retina IPS LCD Processor Apple M4 (12 GB RAM) Connections Wi-Fi 7; Bluetooth 6.0; 5G (eSIM option) Cameras &amp; Battery \u2022 12 MP Wide [&hellip;]<\/p>","protected":false},"featured_media":12372,"comment_status":"open","ping_status":"closed","template":"","meta":[],"product_brand":[390],"product_cat":[379],"product_tag":[428],"class_list":{"0":"post-12351","1":"product","2":"type-product","3":"status-publish","4":"has-post-thumbnail","6":"product_brand-apple","7":"product_cat-ipad","8":"product_tag-new-arrival","9":"ts_product_brand-apple","11":"first","12":"instock","13":"shipping-taxable","14":"purchasable","15":"product-type-variable","16":"has-default-attributes","17":"add-to-wishlist-after_add_to_cart"},"yoast_head":"<!-- This site is optimized with the Yoast SEO plugin v26.5 - https:\/\/yoast.com\/wordpress\/plugins\/seo\/ -->\n<title>Apple iPad Air 2026 11 Inch - Wrapio Shop<\/title>\n<meta name=\"description\" content=\"Powerful and portable 11-inch Apple iPad Air with the all powerful M-series chip, Liquid Retina display, and Apple Pencil support.\" \/>\n<meta name=\"robots\" content=\"index, follow, max-snippet:-1, max-image-preview:large, max-video-preview:-1\" \/>\n<link rel=\"canonical\" href=\"https:\/\/wrapio.shop\/pt\/produto\/ipad-air-11-inch\/\" \/>\n<meta property=\"og:locale\" content=\"pt_PT\" \/>\n<meta property=\"og:type\" content=\"article\" \/>\n<meta property=\"og:title\" content=\"Apple iPad Air 2026 11 Inch - Wrapio Shop\" \/>\n<meta property=\"og:description\" content=\"Powerful and portable 11-inch Apple iPad Air with the all powerful M-series chip, Liquid Retina display, and Apple Pencil support.\" \/>\n<meta property=\"og:url\" content=\"https:\/\/wrapio.shop\/pt\/produto\/ipad-air-11-inch\/\" \/>\n<meta property=\"og:site_name\" content=\"Wrapio Shop\" \/>\n<meta property=\"article:modified_time\" content=\"2026-04-02T10:21:31+00:00\" \/>\n<meta property=\"og:image\" content=\"https:\/\/wrapio.shop\/wp-content\/uploads\/2026\/03\/ipad-air-finish-select-gallery-202405-11inch-purple-scaled-e1773669197755.avif\" \/>\n\t<meta property=\"og:image:width\" content=\"1472\" \/>\n\t<meta property=\"og:image:height\" content=\"1438\" \/>\n\t<meta property=\"og:image:type\" content=\"image\/webp\" \/>\n<meta name=\"twitter:card\" content=\"summary_large_image\" \/>\n<meta name=\"twitter:label1\" content=\"Tempo estimado de leitura\" \/>\n\t<meta name=\"twitter:data1\" content=\"1 minuto\" \/>\n<!-- \/ Yoast SEO plugin. -->","yoast_head_json":{"title":"Apple iPad Air 2026 11 Inch - Wrapio Shop","description":"Powerful and portable 11-inch Apple iPad Air with the all powerful M-series chip, Liquid Retina display, and Apple Pencil support.","robots":{"index":"index","follow":"follow","max-snippet":"max-snippet:-1","max-image-preview":"max-image-preview:large","max-video-preview":"max-video-preview:-1"},"canonical":"https:\/\/wrapio.shop\/pt\/produto\/ipad-air-11-inch\/","og_locale":"pt_PT","og_type":"article","og_title":"Apple iPad Air 2026 11 Inch - Wrapio Shop","og_description":"Powerful and portable 11-inch Apple iPad Air with the all powerful M-series chip, Liquid Retina display, and Apple Pencil support.","og_url":"https:\/\/wrapio.shop\/pt\/produto\/ipad-air-11-inch\/","og_site_name":"Wrapio Shop","article_modified_time":"2026-04-02T10:21:31+00:00","og_image":[{"width":1472,"height":1438,"url":"https:\/\/wrapio.shop\/wp-content\/uploads\/2026\/03\/ipad-air-finish-select-gallery-202405-11inch-purple-scaled-e1773669197755.avif","type":"image\/webp"}],"twitter_card":"summary_large_image","twitter_misc":{"Tempo estimado de leitura":"1 minuto"},"schema":{"@context":"https:\/\/schema.org","@graph":[{"@type":"WebPage","@id":"https:\/\/wrapio.shop\/product\/ipad-air-11-inch\/","url":"https:\/\/wrapio.shop\/product\/ipad-air-11-inch\/","name":"Apple iPad Air 2026 11 Inch - Wrapio Shop","isPartOf":{"@id":"https:\/\/wrapio.shop\/#website"},"primaryImageOfPage":{"@id":"https:\/\/wrapio.shop\/product\/ipad-air-11-inch\/#primaryimage"},"image":{"@id":"https:\/\/wrapio.shop\/product\/ipad-air-11-inch\/#primaryimage"},"thumbnailUrl":"https:\/\/wrapio.shop\/wp-content\/uploads\/2026\/03\/ipad-air-finish-select-gallery-202405-11inch-purple-scaled-e1773669197755.avif","datePublished":"2026-03-16T12:33:22+00:00","dateModified":"2026-04-02T10:21:31+00:00","description":"Powerful and portable 11-inch Apple iPad Air with the all powerful M-series chip, Liquid Retina display, and Apple Pencil support.","breadcrumb":{"@id":"https:\/\/wrapio.shop\/product\/ipad-air-11-inch\/#breadcrumb"},"inLanguage":"pt-PT","potentialAction":[{"@type":"ReadAction","target":["https:\/\/wrapio.shop\/product\/ipad-air-11-inch\/"]}]},{"@type":"ImageObject","inLanguage":"pt-PT","@id":"https:\/\/wrapio.shop\/product\/ipad-air-11-inch\/#primaryimage","url":"https:\/\/wrapio.shop\/wp-content\/uploads\/2026\/03\/ipad-air-finish-select-gallery-202405-11inch-purple-scaled-e1773669197755.avif","contentUrl":"https:\/\/wrapio.shop\/wp-content\/uploads\/2026\/03\/ipad-air-finish-select-gallery-202405-11inch-purple-scaled-e1773669197755.avif","width":1472,"height":1438},{"@type":"BreadcrumbList","@id":"https:\/\/wrapio.shop\/product\/ipad-air-11-inch\/#breadcrumb","itemListElement":[{"@type":"ListItem","position":1,"name":"Home","item":"https:\/\/wrapio.shop\/"},{"@type":"ListItem","position":2,"name":"Shop","item":"https:\/\/wrapio.shop\/shop\/"},{"@type":"ListItem","position":3,"name":"Apple iPad Air 2026 11 Inch"}]},{"@type":"WebSite","@id":"https:\/\/wrapio.shop\/#website","url":"https:\/\/wrapio.shop\/","name":"Wrapio Shop","description":"Redesign Your Phone and Cards","potentialAction":[{"@type":"SearchAction","target":{"@type":"EntryPoint","urlTemplate":"https:\/\/wrapio.shop\/?s={search_term_string}"},"query-input":{"@type":"PropertyValueSpecification","valueRequired":true,"valueName":"search_term_string"}}],"inLanguage":"pt-PT"}]}},"_links":{"self":[{"href":"https:\/\/wrapio.shop\/pt\/wp-json\/wp\/v2\/product\/12351","targetHints":{"allow":["GET"]}}],"collection":[{"href":"https:\/\/wrapio.shop\/pt\/wp-json\/wp\/v2\/product"}],"about":[{"href":"https:\/\/wrapio.shop\/pt\/wp-json\/wp\/v2\/types\/product"}],"replies":[{"embeddable":true,"href":"https:\/\/wrapio.shop\/pt\/wp-json\/wp\/v2\/comments?post=12351"}],"version-history":[{"count":12,"href":"https:\/\/wrapio.shop\/pt\/wp-json\/wp\/v2\/product\/12351\/revisions"}],"predecessor-version":[{"id":13085,"href":"https:\/\/wrapio.shop\/pt\/wp-json\/wp\/v2\/product\/12351\/revisions\/13085"}],"wp:featuredmedia":[{"embeddable":true,"href":"https:\/\/wrapio.shop\/pt\/wp-json\/wp\/v2\/media\/12372"}],"wp:attachment":[{"href":"https:\/\/wrapio.shop\/pt\/wp-json\/wp\/v2\/media?parent=12351"}],"wp:term":[{"taxonomy":"product_brand","embeddable":true,"href":"https:\/\/wrapio.shop\/pt\/wp-json\/wp\/v2\/product_brand?post=12351"},{"taxonomy":"product_cat","embeddable":true,"href":"https:\/\/wrapio.shop\/pt\/wp-json\/wp\/v2\/product_cat?post=12351"},{"taxonomy":"product_tag","embeddable":true,"href":"https:\/\/wrapio.shop\/pt\/wp-json\/wp\/v2\/product_tag?post=12351"}],"curies":[{"name":"wp","href":"https:\/\/api.w.org\/{rel}","templated":true}]}}