{"id":12312,"date":"2026-03-16T11:33:59","date_gmt":"2026-03-16T11:33:59","guid":{"rendered":"https:\/\/wrapio.shop\/?post_type=product&#038;p=12312"},"modified":"2026-04-02T10:23:33","modified_gmt":"2026-04-02T10:23:33","slug":"iphone-17e","status":"publish","type":"product","link":"https:\/\/wrapio.shop\/pt\/produto\/iphone-17e\/","title":{"rendered":"iPhone 17e"},"content":{"rendered":"<div data-elementor-type=\"wp-post\" data-elementor-id=\"12312\" class=\"elementor elementor-12312\">\n\t\t\t\t<div class=\"elementor-element elementor-element-2a75c90 e-flex e-con-boxed e-con e-parent\" data-id=\"2a75c90\" data-element_type=\"container\">\n\t\t\t\t\t<div class=\"e-con-inner\">\n\t\t\t\t<div class=\"elementor-element elementor-element-77f658c elementor-widget elementor-widget-text-editor\" data-id=\"77f658c\" data-element_type=\"widget\" data-widget_type=\"text-editor.default\">\n\t\t\t\t<div class=\"elementor-widget-container\">\n\t\t\t\t\t\t\t\t\t<h3 style=\"color: #444; margin-top: 20px;\">Descri\u00e7\u00e3o<\/h3>\n<p style=\"margin-bottom: 30px;\">The Apple iPhone 17e delivers a premium iOS experience in a perfectly sized package, featuring a brilliant 6.1-inch Super Retina XDR display and the powerful A19 chip.<\/p>\n\n<hr style=\"border: 0; border-top: 1px solid #eaeaea; margin-bottom: 30px;\">\n\n<h3 style=\"color: #444; margin-bottom: 20px;\">Especifica\u00e7\u00f5es T\u00e9cnicas<\/h3>\n<table style=\"border-collapse: collapse; width: 100%; text-align: left; font-size: 14px;\">\n    <tbody>\n        <tr style=\"border-bottom: 1px solid #eaeaea;\">\n            <td style=\"padding: 15px 0; width: 30%;\"><strong>Screen<\/strong><\/td>\n            <td style=\"padding: 15px 0;\">6.1&#8243; Super Retina XDR OLED<\/td>\n        <\/tr>\n        <tr style=\"border-bottom: 1px solid #eaeaea;\">\n            <td style=\"padding: 15px 0;\"><strong>Processor<\/strong><\/td>\n            <td style=\"padding: 15px 0;\">Apple A19 (8 GB RAM)<\/td>\n        <\/tr>\n        <tr style=\"border-bottom: 1px solid #eaeaea;\">\n            <td style=\"padding: 15px 0;\"><strong>Connections<\/strong><\/td>\n            <td style=\"padding: 15px 0;\">Wi-Fi 6; Bluetooth 5.3; 5G (eSIM)<\/td>\n        <\/tr>\n        <tr style=\"border-bottom: 1px solid #eaeaea;\">\n            <td style=\"padding: 15px 0; vertical-align: top;\"><strong>Cameras &#038; Battery<\/strong><\/td>\n            <td style=\"padding: 15px 0; line-height: 1.6;\">\n                &bull; 48 MP Main (rear) &#038; 12 MP (front)<br>\n                &bull; 4005 mAh battery with MagSafe\n            <\/td>\n        <\/tr>\n    <\/tbody>\n<\/table>\t\t\t\t\t\t\t\t<\/div>\n\t\t\t\t<\/div>\n\t\t\t\t\t<\/div>\n\t\t\t\t<\/div>\n\t\t\t\t<\/div>","protected":false},"excerpt":{"rendered":"<p>Description The Apple iPhone 17e delivers a premium iOS experience in a perfectly sized package, featuring a brilliant 6.1-inch Super Retina XDR display and the powerful A19 chip. Technical Specifications Screen 6.1&#8243; Super Retina XDR OLED Processor Apple A19 (8 GB RAM) Connections Wi-Fi 6; Bluetooth 5.3; 5G (eSIM) Cameras &amp; Battery \u2022 48 MP [&hellip;]<\/p>","protected":false},"featured_media":12321,"comment_status":"open","ping_status":"closed","template":"","meta":[],"product_brand":[353],"product_cat":[354,422],"product_tag":[428],"class_list":{"0":"post-12312","1":"product","2":"type-product","3":"status-publish","4":"has-post-thumbnail","6":"product_brand-iphone","7":"product_cat-iphone","8":"product_cat-smartphones","9":"product_tag-new-arrival","10":"ts_product_brand-apple","12":"first","13":"instock","14":"shipping-taxable","15":"purchasable","16":"product-type-variable","17":"has-default-attributes","18":"add-to-wishlist-after_add_to_cart"},"yoast_head":"<!-- This site is optimized with the Yoast SEO plugin v26.5 - https:\/\/yoast.com\/wordpress\/plugins\/seo\/ -->\n<title>iPhone 17e - Wrapio Shop<\/title>\n<meta name=\"description\" content=\"Apple iPhone 17e, premium smartphone features in an accessible package, featuring Face ID, advanced cameras, and MagSafe charging.\" \/>\n<meta name=\"robots\" content=\"index, follow, max-snippet:-1, max-image-preview:large, max-video-preview:-1\" \/>\n<link rel=\"canonical\" href=\"https:\/\/wrapio.shop\/pt\/produto\/iphone-17e\/\" \/>\n<meta property=\"og:locale\" content=\"pt_PT\" \/>\n<meta property=\"og:type\" content=\"article\" \/>\n<meta property=\"og:title\" content=\"iPhone 17e - Wrapio Shop\" \/>\n<meta property=\"og:description\" content=\"Apple iPhone 17e, premium smartphone features in an accessible package, featuring Face ID, advanced cameras, and MagSafe charging.\" \/>\n<meta property=\"og:url\" content=\"https:\/\/wrapio.shop\/pt\/produto\/iphone-17e\/\" \/>\n<meta property=\"og:site_name\" content=\"Wrapio Shop\" \/>\n<meta property=\"article:modified_time\" content=\"2026-04-02T10:23:33+00:00\" \/>\n<meta property=\"og:image\" content=\"https:\/\/wrapio.shop\/wp-content\/uploads\/2026\/03\/iphone-17e-finish-select-202603-soft-pink-scaled.avif\" \/>\n\t<meta property=\"og:image:width\" content=\"2560\" \/>\n\t<meta property=\"og:image:height\" content=\"1440\" \/>\n\t<meta property=\"og:image:type\" content=\"image\/webp\" \/>\n<meta name=\"twitter:card\" content=\"summary_large_image\" \/>\n<meta name=\"twitter:label1\" content=\"Tempo estimado de leitura\" \/>\n\t<meta name=\"twitter:data1\" content=\"1 minuto\" \/>\n<!-- \/ Yoast SEO plugin. -->","yoast_head_json":{"title":"iPhone 17e - Wrapio Shop","description":"Apple iPhone 17e, premium smartphone features in an accessible package, featuring Face ID, advanced cameras, and MagSafe charging.","robots":{"index":"index","follow":"follow","max-snippet":"max-snippet:-1","max-image-preview":"max-image-preview:large","max-video-preview":"max-video-preview:-1"},"canonical":"https:\/\/wrapio.shop\/pt\/produto\/iphone-17e\/","og_locale":"pt_PT","og_type":"article","og_title":"iPhone 17e - Wrapio Shop","og_description":"Apple iPhone 17e, premium smartphone features in an accessible package, featuring Face ID, advanced cameras, and MagSafe charging.","og_url":"https:\/\/wrapio.shop\/pt\/produto\/iphone-17e\/","og_site_name":"Wrapio Shop","article_modified_time":"2026-04-02T10:23:33+00:00","og_image":[{"width":2560,"height":1440,"url":"https:\/\/wrapio.shop\/wp-content\/uploads\/2026\/03\/iphone-17e-finish-select-202603-soft-pink-scaled.avif","type":"image\/webp"}],"twitter_card":"summary_large_image","twitter_misc":{"Tempo estimado de leitura":"1 minuto"},"schema":{"@context":"https:\/\/schema.org","@graph":[{"@type":"WebPage","@id":"https:\/\/wrapio.shop\/product\/iphone-17e\/","url":"https:\/\/wrapio.shop\/product\/iphone-17e\/","name":"iPhone 17e - Wrapio Shop","isPartOf":{"@id":"https:\/\/wrapio.shop\/#website"},"primaryImageOfPage":{"@id":"https:\/\/wrapio.shop\/product\/iphone-17e\/#primaryimage"},"image":{"@id":"https:\/\/wrapio.shop\/product\/iphone-17e\/#primaryimage"},"thumbnailUrl":"https:\/\/wrapio.shop\/wp-content\/uploads\/2026\/03\/iphone-17e-finish-select-202603-soft-pink-scaled.avif","datePublished":"2026-03-16T11:33:59+00:00","dateModified":"2026-04-02T10:23:33+00:00","description":"Apple iPhone 17e, premium smartphone features in an accessible package, featuring Face ID, advanced cameras, and MagSafe charging.","breadcrumb":{"@id":"https:\/\/wrapio.shop\/product\/iphone-17e\/#breadcrumb"},"inLanguage":"pt-PT","potentialAction":[{"@type":"ReadAction","target":["https:\/\/wrapio.shop\/product\/iphone-17e\/"]}]},{"@type":"ImageObject","inLanguage":"pt-PT","@id":"https:\/\/wrapio.shop\/product\/iphone-17e\/#primaryimage","url":"https:\/\/wrapio.shop\/wp-content\/uploads\/2026\/03\/iphone-17e-finish-select-202603-soft-pink-scaled.avif","contentUrl":"https:\/\/wrapio.shop\/wp-content\/uploads\/2026\/03\/iphone-17e-finish-select-202603-soft-pink-scaled.avif","width":2560,"height":1440},{"@type":"BreadcrumbList","@id":"https:\/\/wrapio.shop\/product\/iphone-17e\/#breadcrumb","itemListElement":[{"@type":"ListItem","position":1,"name":"Home","item":"https:\/\/wrapio.shop\/"},{"@type":"ListItem","position":2,"name":"Shop","item":"https:\/\/wrapio.shop\/shop\/"},{"@type":"ListItem","position":3,"name":"iPhone 17e"}]},{"@type":"WebSite","@id":"https:\/\/wrapio.shop\/#website","url":"https:\/\/wrapio.shop\/","name":"Wrapio Shop","description":"Redesign Your Phone and Cards","potentialAction":[{"@type":"SearchAction","target":{"@type":"EntryPoint","urlTemplate":"https:\/\/wrapio.shop\/?s={search_term_string}"},"query-input":{"@type":"PropertyValueSpecification","valueRequired":true,"valueName":"search_term_string"}}],"inLanguage":"pt-PT"}]}},"_links":{"self":[{"href":"https:\/\/wrapio.shop\/pt\/wp-json\/wp\/v2\/product\/12312","targetHints":{"allow":["GET"]}}],"collection":[{"href":"https:\/\/wrapio.shop\/pt\/wp-json\/wp\/v2\/product"}],"about":[{"href":"https:\/\/wrapio.shop\/pt\/wp-json\/wp\/v2\/types\/product"}],"replies":[{"embeddable":true,"href":"https:\/\/wrapio.shop\/pt\/wp-json\/wp\/v2\/comments?post=12312"}],"version-history":[{"count":10,"href":"https:\/\/wrapio.shop\/pt\/wp-json\/wp\/v2\/product\/12312\/revisions"}],"predecessor-version":[{"id":13088,"href":"https:\/\/wrapio.shop\/pt\/wp-json\/wp\/v2\/product\/12312\/revisions\/13088"}],"wp:featuredmedia":[{"embeddable":true,"href":"https:\/\/wrapio.shop\/pt\/wp-json\/wp\/v2\/media\/12321"}],"wp:attachment":[{"href":"https:\/\/wrapio.shop\/pt\/wp-json\/wp\/v2\/media?parent=12312"}],"wp:term":[{"taxonomy":"product_brand","embeddable":true,"href":"https:\/\/wrapio.shop\/pt\/wp-json\/wp\/v2\/product_brand?post=12312"},{"taxonomy":"product_cat","embeddable":true,"href":"https:\/\/wrapio.shop\/pt\/wp-json\/wp\/v2\/product_cat?post=12312"},{"taxonomy":"product_tag","embeddable":true,"href":"https:\/\/wrapio.shop\/pt\/wp-json\/wp\/v2\/product_tag?post=12312"}],"curies":[{"name":"wp","href":"https:\/\/api.w.org\/{rel}","templated":true}]}}