{"id":12277,"date":"2026-03-16T11:06:31","date_gmt":"2026-03-16T11:06:31","guid":{"rendered":"https:\/\/wrapio.shop\/?post_type=product&#038;p=12277"},"modified":"2026-04-02T10:23:53","modified_gmt":"2026-04-02T10:23:53","slug":"samsung-galaxy-s26-ultra","status":"publish","type":"product","link":"https:\/\/wrapio.shop\/pt\/produto\/samsung-galaxy-s26-ultra\/","title":{"rendered":"Samsung Galaxy S26 Ultra"},"content":{"rendered":"<div data-elementor-type=\"wp-post\" data-elementor-id=\"12277\" class=\"elementor elementor-12277\">\n\t\t\t\t<div class=\"elementor-element elementor-element-4005f3e e-flex e-con-boxed e-con e-parent\" data-id=\"4005f3e\" data-element_type=\"container\">\n\t\t\t\t\t<div class=\"e-con-inner\">\n\t\t\t\t<div class=\"elementor-element elementor-element-293433d elementor-widget elementor-widget-text-editor\" data-id=\"293433d\" data-element_type=\"widget\" data-widget_type=\"text-editor.default\">\n\t\t\t\t<div class=\"elementor-widget-container\">\n\t\t\t\t\t\t\t\t\t<h3 style=\"color: #444; margin-top: 20px;\">Descri\u00e7\u00e3o<\/h3>\n<p style=\"margin-bottom: 30px;\">The Samsung Galaxy S26 Ultra stands as the ultimate premium flagship, merging a massive 6.9-inch AMOLED display with the ultra-powerful Snapdragon 8 Elite Gen 5 processor and a groundbreaking 200 MP camera system.<\/p>\n\n<hr style=\"border: 0; border-top: 1px solid #eaeaea; margin-bottom: 30px;\">\n\n<h3 style=\"color: #444; margin-bottom: 20px;\">Especifica\u00e7\u00f5es T\u00e9cnicas<\/h3>\n<table style=\"border-collapse: collapse; width: 100%; text-align: left; font-size: 14px;\">\n    <tbody>\n        <tr style=\"border-bottom: 1px solid #eaeaea;\">\n            <td style=\"padding: 15px 0; width: 30%;\"><strong>Screen<\/strong><\/td>\n            <td style=\"padding: 15px 0;\">6.9&#8243; Dynamic LTPO AMOLED 2X<\/td>\n        <\/tr>\n        <tr style=\"border-bottom: 1px solid #eaeaea;\">\n            <td style=\"padding: 15px 0;\"><strong>Processor<\/strong><\/td>\n            <td style=\"padding: 15px 0;\">Snapdragon 8 Elite Gen 5<\/td>\n        <\/tr>\n        <tr style=\"border-bottom: 1px solid #eaeaea;\">\n            <td style=\"padding: 15px 0;\"><strong>Connections<\/strong><\/td>\n            <td style=\"padding: 15px 0;\">Wi-Fi 7; Bluetooth 6.0; 5G (Nano-SIM\/eSIM)<\/td>\n        <\/tr>\n        <tr style=\"border-bottom: 1px solid #eaeaea;\">\n            <td style=\"padding: 15px 0; vertical-align: top;\"><strong>Cameras &#038; Battery<\/strong><\/td>\n            <td style=\"padding: 15px 0; line-height: 1.6;\">\n                &bull; 200 MP Quad (rear) &#038; 12 MP (front)<br>\n                &bull; 5000 mAh battery with 60W charging\n            <\/td>\n        <\/tr>\n    <\/tbody>\n<\/table>\t\t\t\t\t\t\t\t<\/div>\n\t\t\t\t<\/div>\n\t\t\t\t\t<\/div>\n\t\t\t\t<\/div>\n\t\t\t\t<\/div>","protected":false},"excerpt":{"rendered":"<p>Description The Samsung Galaxy S26 Ultra stands as the ultimate premium flagship, merging a massive 6.9-inch AMOLED display with the ultra-powerful Snapdragon 8 Elite Gen 5 processor and a groundbreaking 200 MP camera system. Technical Specifications Screen 6.9&#8243; Dynamic LTPO AMOLED 2X Processor Snapdragon 8 Elite Gen 5 Connections Wi-Fi 7; Bluetooth 6.0; 5G (Nano-SIM\/eSIM) [&hellip;]<\/p>","protected":false},"featured_media":12305,"comment_status":"open","ping_status":"closed","template":"","meta":[],"product_brand":[382],"product_cat":[357,422],"product_tag":[428],"class_list":{"0":"post-12277","1":"product","2":"type-product","3":"status-publish","4":"has-post-thumbnail","6":"product_brand-samsung","7":"product_cat-android","8":"product_cat-smartphones","9":"product_tag-new-arrival","10":"ts_product_brand-samsung","12":"first","13":"instock","14":"shipping-taxable","15":"purchasable","16":"product-type-variable","17":"has-default-attributes","18":"add-to-wishlist-after_add_to_cart"},"yoast_head":"<!-- This site is optimized with the Yoast SEO plugin v26.5 - https:\/\/yoast.com\/wordpress\/plugins\/seo\/ -->\n<title>Samsung Galaxy S26 Ultra - Wrapio Shop<\/title>\n<meta name=\"description\" content=\"Samsung Galaxy S26 Ultra with 6.9-inch 120Hz AMOLED, Snapdragon 8 Elite, 200MP Quad Camera, 5000 mAh Battery, S Pen Included\" \/>\n<meta name=\"robots\" content=\"index, follow, max-snippet:-1, max-image-preview:large, max-video-preview:-1\" \/>\n<link rel=\"canonical\" href=\"https:\/\/wrapio.shop\/pt\/produto\/samsung-galaxy-s26-ultra\/\" \/>\n<meta property=\"og:locale\" content=\"pt_PT\" \/>\n<meta property=\"og:type\" content=\"article\" \/>\n<meta property=\"og:title\" content=\"Samsung Galaxy S26 Ultra - Wrapio Shop\" \/>\n<meta property=\"og:description\" content=\"Samsung Galaxy S26 Ultra with 6.9-inch 120Hz AMOLED, Snapdragon 8 Elite, 200MP Quad Camera, 5000 mAh Battery, S Pen Included\" \/>\n<meta property=\"og:url\" content=\"https:\/\/wrapio.shop\/pt\/produto\/samsung-galaxy-s26-ultra\/\" \/>\n<meta property=\"og:site_name\" content=\"Wrapio Shop\" \/>\n<meta property=\"article:modified_time\" content=\"2026-04-02T10:23:53+00:00\" \/>\n<meta property=\"og:image\" content=\"https:\/\/wrapio.shop\/wp-content\/uploads\/2026\/03\/037-galaxy-s26ultra-black-front-back-spen_result-scaled.avif\" \/>\n\t<meta property=\"og:image:width\" content=\"2560\" \/>\n\t<meta property=\"og:image:height\" content=\"1707\" \/>\n\t<meta property=\"og:image:type\" content=\"image\/webp\" \/>\n<meta name=\"twitter:card\" content=\"summary_large_image\" \/>\n<meta name=\"twitter:label1\" content=\"Tempo estimado de leitura\" \/>\n\t<meta name=\"twitter:data1\" content=\"1 minuto\" \/>\n<!-- \/ Yoast SEO plugin. -->","yoast_head_json":{"title":"Samsung Galaxy S26 Ultra - Wrapio Shop","description":"Samsung Galaxy S26 Ultra with 6.9-inch 120Hz AMOLED, Snapdragon 8 Elite, 200MP Quad Camera, 5000 mAh Battery, S Pen Included","robots":{"index":"index","follow":"follow","max-snippet":"max-snippet:-1","max-image-preview":"max-image-preview:large","max-video-preview":"max-video-preview:-1"},"canonical":"https:\/\/wrapio.shop\/pt\/produto\/samsung-galaxy-s26-ultra\/","og_locale":"pt_PT","og_type":"article","og_title":"Samsung Galaxy S26 Ultra - Wrapio Shop","og_description":"Samsung Galaxy S26 Ultra with 6.9-inch 120Hz AMOLED, Snapdragon 8 Elite, 200MP Quad Camera, 5000 mAh Battery, S Pen Included","og_url":"https:\/\/wrapio.shop\/pt\/produto\/samsung-galaxy-s26-ultra\/","og_site_name":"Wrapio Shop","article_modified_time":"2026-04-02T10:23:53+00:00","og_image":[{"width":2560,"height":1707,"url":"https:\/\/wrapio.shop\/wp-content\/uploads\/2026\/03\/037-galaxy-s26ultra-black-front-back-spen_result-scaled.avif","type":"image\/webp"}],"twitter_card":"summary_large_image","twitter_misc":{"Tempo estimado de leitura":"1 minuto"},"schema":{"@context":"https:\/\/schema.org","@graph":[{"@type":"WebPage","@id":"https:\/\/wrapio.shop\/product\/samsung-galaxy-s26-ultra\/","url":"https:\/\/wrapio.shop\/product\/samsung-galaxy-s26-ultra\/","name":"Samsung Galaxy S26 Ultra - Wrapio Shop","isPartOf":{"@id":"https:\/\/wrapio.shop\/#website"},"primaryImageOfPage":{"@id":"https:\/\/wrapio.shop\/product\/samsung-galaxy-s26-ultra\/#primaryimage"},"image":{"@id":"https:\/\/wrapio.shop\/product\/samsung-galaxy-s26-ultra\/#primaryimage"},"thumbnailUrl":"https:\/\/wrapio.shop\/wp-content\/uploads\/2026\/03\/037-galaxy-s26ultra-black-front-back-spen_result-scaled.avif","datePublished":"2026-03-16T11:06:31+00:00","dateModified":"2026-04-02T10:23:53+00:00","description":"Samsung Galaxy S26 Ultra with 6.9-inch 120Hz AMOLED, Snapdragon 8 Elite, 200MP Quad Camera, 5000 mAh Battery, S Pen Included","breadcrumb":{"@id":"https:\/\/wrapio.shop\/product\/samsung-galaxy-s26-ultra\/#breadcrumb"},"inLanguage":"pt-PT","potentialAction":[{"@type":"ReadAction","target":["https:\/\/wrapio.shop\/product\/samsung-galaxy-s26-ultra\/"]}]},{"@type":"ImageObject","inLanguage":"pt-PT","@id":"https:\/\/wrapio.shop\/product\/samsung-galaxy-s26-ultra\/#primaryimage","url":"https:\/\/wrapio.shop\/wp-content\/uploads\/2026\/03\/037-galaxy-s26ultra-black-front-back-spen_result-scaled.avif","contentUrl":"https:\/\/wrapio.shop\/wp-content\/uploads\/2026\/03\/037-galaxy-s26ultra-black-front-back-spen_result-scaled.avif","width":2560,"height":1707},{"@type":"BreadcrumbList","@id":"https:\/\/wrapio.shop\/product\/samsung-galaxy-s26-ultra\/#breadcrumb","itemListElement":[{"@type":"ListItem","position":1,"name":"Home","item":"https:\/\/wrapio.shop\/"},{"@type":"ListItem","position":2,"name":"Shop","item":"https:\/\/wrapio.shop\/shop\/"},{"@type":"ListItem","position":3,"name":"Samsung Galaxy S26 Ultra"}]},{"@type":"WebSite","@id":"https:\/\/wrapio.shop\/#website","url":"https:\/\/wrapio.shop\/","name":"Wrapio Shop","description":"Redesign Your Phone and Cards","potentialAction":[{"@type":"SearchAction","target":{"@type":"EntryPoint","urlTemplate":"https:\/\/wrapio.shop\/?s={search_term_string}"},"query-input":{"@type":"PropertyValueSpecification","valueRequired":true,"valueName":"search_term_string"}}],"inLanguage":"pt-PT"}]}},"_links":{"self":[{"href":"https:\/\/wrapio.shop\/pt\/wp-json\/wp\/v2\/product\/12277","targetHints":{"allow":["GET"]}}],"collection":[{"href":"https:\/\/wrapio.shop\/pt\/wp-json\/wp\/v2\/product"}],"about":[{"href":"https:\/\/wrapio.shop\/pt\/wp-json\/wp\/v2\/types\/product"}],"replies":[{"embeddable":true,"href":"https:\/\/wrapio.shop\/pt\/wp-json\/wp\/v2\/comments?post=12277"}],"version-history":[{"count":16,"href":"https:\/\/wrapio.shop\/pt\/wp-json\/wp\/v2\/product\/12277\/revisions"}],"predecessor-version":[{"id":13089,"href":"https:\/\/wrapio.shop\/pt\/wp-json\/wp\/v2\/product\/12277\/revisions\/13089"}],"wp:featuredmedia":[{"embeddable":true,"href":"https:\/\/wrapio.shop\/pt\/wp-json\/wp\/v2\/media\/12305"}],"wp:attachment":[{"href":"https:\/\/wrapio.shop\/pt\/wp-json\/wp\/v2\/media?parent=12277"}],"wp:term":[{"taxonomy":"product_brand","embeddable":true,"href":"https:\/\/wrapio.shop\/pt\/wp-json\/wp\/v2\/product_brand?post=12277"},{"taxonomy":"product_cat","embeddable":true,"href":"https:\/\/wrapio.shop\/pt\/wp-json\/wp\/v2\/product_cat?post=12277"},{"taxonomy":"product_tag","embeddable":true,"href":"https:\/\/wrapio.shop\/pt\/wp-json\/wp\/v2\/product_tag?post=12277"}],"curies":[{"name":"wp","href":"https:\/\/api.w.org\/{rel}","templated":true}]}}