{"id":11416,"date":"2025-12-03T22:22:10","date_gmt":"2025-12-03T22:22:10","guid":{"rendered":"https:\/\/wrapio.shop\/?post_type=product&#038;p=11416"},"modified":"2026-04-02T10:28:58","modified_gmt":"2026-04-02T10:28:58","slug":"airpods-4","status":"publish","type":"product","link":"https:\/\/wrapio.shop\/pt\/produto\/airpods-4\/","title":{"rendered":"Airpods 4"},"content":{"rendered":"<div data-elementor-type=\"wp-post\" data-elementor-id=\"11416\" class=\"elementor elementor-11416\">\n\t\t\t\t<div class=\"elementor-element elementor-element-1d5441b0 e-flex e-con-boxed e-con e-parent\" data-id=\"1d5441b0\" data-element_type=\"container\">\n\t\t\t\t\t<div class=\"e-con-inner\">\n\t\t\t\t<div class=\"elementor-element elementor-element-7349449f elementor-widget elementor-widget-text-editor\" data-id=\"7349449f\" data-element_type=\"widget\" data-widget_type=\"text-editor.default\">\n\t\t\t\t<div class=\"elementor-widget-container\">\n\t\t\t\t\t\t\t\t\t<h3 style=\"color: #444; margin-top: 20px;\">Descri\u00e7\u00e3o<\/h3>\n<p style=\"margin-bottom: 30px;\">The Apple AirPods Pro (2nd generation) deliver an immersive audio experience with next-level Active Noise Cancellation, Adaptive Transparency, and the powerful H2 chip.<\/p>\n\n<hr style=\"border: 0; border-top: 1px solid #eaeaea; margin-bottom: 30px;\">\n\n<h3 style=\"color: #444; margin-bottom: 20px;\">Especifica\u00e7\u00f5es T\u00e9cnicas<\/h3>\n<table style=\"border-collapse: collapse; width: 100%; text-align: left; font-size: 14px;\">\n    <tbody>\n        <tr style=\"border-bottom: 1px solid #eaeaea;\">\n            <td style=\"padding: 15px 0; width: 30%;\"><strong>Audio<\/strong><\/td>\n            <td style=\"padding: 15px 0;\">Active Noise Cancellation &#038; Adaptive Transparency<\/td>\n        <\/tr>\n        <tr style=\"border-bottom: 1px solid #eaeaea;\">\n            <td style=\"padding: 15px 0;\"><strong>Processor<\/strong><\/td>\n            <td style=\"padding: 15px 0;\">Apple H2 (U1 chip in case)<\/td>\n        <\/tr>\n        <tr style=\"border-bottom: 1px solid #eaeaea;\">\n            <td style=\"padding: 15px 0;\"><strong>Connections<\/strong><\/td>\n            <td style=\"padding: 15px 0;\">Bluetooth 5.3<\/td>\n        <\/tr>\n        <tr style=\"border-bottom: 1px solid #eaeaea;\">\n            <td style=\"padding: 15px 0; vertical-align: top;\"><strong>Battery &#038; Durability<\/strong><\/td>\n            <td style=\"padding: 15px 0; line-height: 1.6;\">\n                &bull; Up to 30 hours total playback<br>\n                &bull; IPX4 sweat and water resistant\n            <\/td>\n        <\/tr>\n    <\/tbody>\n<\/table>\t\t\t\t\t\t\t\t<\/div>\n\t\t\t\t<\/div>\n\t\t\t\t\t<\/div>\n\t\t\t\t<\/div>\n\t\t\t\t<\/div>","protected":false},"excerpt":{"rendered":"<p>Description The Apple AirPods Pro (2nd generation) deliver an immersive audio experience with next-level Active Noise Cancellation, Adaptive Transparency, and the powerful H2 chip. Technical Specifications Audio Active Noise Cancellation &amp; Adaptive Transparency Processor Apple H2 (U1 chip in case) Connections Bluetooth 5.3 Battery &amp; Durability \u2022 Up to 30 hours total playback \u2022 IPX4 [&hellip;]<\/p>","protected":false},"featured_media":11417,"comment_status":"open","ping_status":"closed","template":"","meta":[],"product_brand":[390],"product_cat":[389,370],"product_tag":[432,433,429,431],"class_list":{"0":"post-11416","1":"product","2":"type-product","3":"status-publish","4":"has-post-thumbnail","6":"product_brand-apple","7":"product_cat-accessories","8":"product_cat-airpod","9":"product_tag-bestseller","10":"product_tag-flagship","11":"product_tag-gift-idea","12":"product_tag-on-sale","13":"product_shipping_class-store","14":"ts_product_brand-apple","16":"first","17":"outofstock","18":"sale","19":"featured","20":"shipping-taxable","21":"purchasable","22":"product-type-simple","23":"add-to-wishlist-after_add_to_cart"},"yoast_head":"<!-- This site is optimized with the Yoast SEO plugin v26.5 - https:\/\/yoast.com\/wordpress\/plugins\/seo\/ -->\n<title>Airpods 4 - Wrapio Shop<\/title>\n<meta name=\"robots\" content=\"index, follow, max-snippet:-1, max-image-preview:large, max-video-preview:-1\" \/>\n<link rel=\"canonical\" href=\"https:\/\/wrapio.shop\/pt\/produto\/airpods-4\/\" \/>\n<meta property=\"og:locale\" content=\"pt_PT\" \/>\n<meta property=\"og:type\" content=\"article\" \/>\n<meta property=\"og:title\" content=\"Airpods 4 - Wrapio Shop\" \/>\n<meta property=\"og:description\" content=\"Description The Apple AirPods Pro (2nd generation) deliver an immersive audio experience with next-level Active Noise Cancellation, Adaptive Transparency, and the powerful H2 chip. Technical Specifications Audio Active Noise Cancellation &amp; Adaptive Transparency Processor Apple H2 (U1 chip in case) Connections Bluetooth 5.3 Battery &amp; Durability \u2022 Up to 30 hours total playback \u2022 IPX4 [&hellip;]\" \/>\n<meta property=\"og:url\" content=\"https:\/\/wrapio.shop\/pt\/produto\/airpods-4\/\" \/>\n<meta property=\"og:site_name\" content=\"Wrapio Shop\" \/>\n<meta property=\"article:modified_time\" content=\"2026-04-02T10:28:58+00:00\" \/>\n<meta property=\"og:image\" content=\"https:\/\/wrapio.shop\/wp-content\/uploads\/2025\/12\/airpods-4-anc-select-202409_FMT_WHH-1.avif\" \/>\n\t<meta property=\"og:image:width\" content=\"752\" \/>\n\t<meta property=\"og:image:height\" content=\"636\" \/>\n\t<meta property=\"og:image:type\" content=\"image\/jpeg\" \/>\n<meta name=\"twitter:card\" content=\"summary_large_image\" \/>\n<meta name=\"twitter:label1\" content=\"Tempo estimado de leitura\" \/>\n\t<meta name=\"twitter:data1\" content=\"1 minuto\" \/>\n<!-- \/ Yoast SEO plugin. -->","yoast_head_json":{"title":"Airpods 4 - Wrapio Shop","robots":{"index":"index","follow":"follow","max-snippet":"max-snippet:-1","max-image-preview":"max-image-preview:large","max-video-preview":"max-video-preview:-1"},"canonical":"https:\/\/wrapio.shop\/pt\/produto\/airpods-4\/","og_locale":"pt_PT","og_type":"article","og_title":"Airpods 4 - Wrapio Shop","og_description":"Description The Apple AirPods Pro (2nd generation) deliver an immersive audio experience with next-level Active Noise Cancellation, Adaptive Transparency, and the powerful H2 chip. Technical Specifications Audio Active Noise Cancellation &amp; Adaptive Transparency Processor Apple H2 (U1 chip in case) Connections Bluetooth 5.3 Battery &amp; Durability \u2022 Up to 30 hours total playback \u2022 IPX4 [&hellip;]","og_url":"https:\/\/wrapio.shop\/pt\/produto\/airpods-4\/","og_site_name":"Wrapio Shop","article_modified_time":"2026-04-02T10:28:58+00:00","og_image":[{"width":752,"height":636,"url":"https:\/\/wrapio.shop\/wp-content\/uploads\/2025\/12\/airpods-4-anc-select-202409_FMT_WHH-1.avif","type":"image\/jpeg"}],"twitter_card":"summary_large_image","twitter_misc":{"Tempo estimado de leitura":"1 minuto"},"schema":{"@context":"https:\/\/schema.org","@graph":[{"@type":"WebPage","@id":"https:\/\/wrapio.shop\/product\/airpods-4\/","url":"https:\/\/wrapio.shop\/product\/airpods-4\/","name":"Airpods 4 - Wrapio Shop","isPartOf":{"@id":"https:\/\/wrapio.shop\/#website"},"primaryImageOfPage":{"@id":"https:\/\/wrapio.shop\/product\/airpods-4\/#primaryimage"},"image":{"@id":"https:\/\/wrapio.shop\/product\/airpods-4\/#primaryimage"},"thumbnailUrl":"https:\/\/wrapio.shop\/wp-content\/uploads\/2025\/12\/airpods-4-anc-select-202409_FMT_WHH-1.avif","datePublished":"2025-12-03T22:22:10+00:00","dateModified":"2026-04-02T10:28:58+00:00","breadcrumb":{"@id":"https:\/\/wrapio.shop\/product\/airpods-4\/#breadcrumb"},"inLanguage":"pt-PT","potentialAction":[{"@type":"ReadAction","target":["https:\/\/wrapio.shop\/product\/airpods-4\/"]}]},{"@type":"ImageObject","inLanguage":"pt-PT","@id":"https:\/\/wrapio.shop\/product\/airpods-4\/#primaryimage","url":"https:\/\/wrapio.shop\/wp-content\/uploads\/2025\/12\/airpods-4-anc-select-202409_FMT_WHH-1.avif","contentUrl":"https:\/\/wrapio.shop\/wp-content\/uploads\/2025\/12\/airpods-4-anc-select-202409_FMT_WHH-1.avif","width":752,"height":636,"caption":"airpods-4-anc-Wrapio"},{"@type":"BreadcrumbList","@id":"https:\/\/wrapio.shop\/product\/airpods-4\/#breadcrumb","itemListElement":[{"@type":"ListItem","position":1,"name":"Home","item":"https:\/\/wrapio.shop\/"},{"@type":"ListItem","position":2,"name":"Shop","item":"https:\/\/wrapio.shop\/shop\/"},{"@type":"ListItem","position":3,"name":"Airpods 4"}]},{"@type":"WebSite","@id":"https:\/\/wrapio.shop\/#website","url":"https:\/\/wrapio.shop\/","name":"Wrapio Shop","description":"Redesign Your Phone and Cards","potentialAction":[{"@type":"SearchAction","target":{"@type":"EntryPoint","urlTemplate":"https:\/\/wrapio.shop\/?s={search_term_string}"},"query-input":{"@type":"PropertyValueSpecification","valueRequired":true,"valueName":"search_term_string"}}],"inLanguage":"pt-PT"}]}},"_links":{"self":[{"href":"https:\/\/wrapio.shop\/pt\/wp-json\/wp\/v2\/product\/11416","targetHints":{"allow":["GET"]}}],"collection":[{"href":"https:\/\/wrapio.shop\/pt\/wp-json\/wp\/v2\/product"}],"about":[{"href":"https:\/\/wrapio.shop\/pt\/wp-json\/wp\/v2\/types\/product"}],"replies":[{"embeddable":true,"href":"https:\/\/wrapio.shop\/pt\/wp-json\/wp\/v2\/comments?post=11416"}],"version-history":[{"count":5,"href":"https:\/\/wrapio.shop\/pt\/wp-json\/wp\/v2\/product\/11416\/revisions"}],"predecessor-version":[{"id":13050,"href":"https:\/\/wrapio.shop\/pt\/wp-json\/wp\/v2\/product\/11416\/revisions\/13050"}],"wp:featuredmedia":[{"embeddable":true,"href":"https:\/\/wrapio.shop\/pt\/wp-json\/wp\/v2\/media\/11417"}],"wp:attachment":[{"href":"https:\/\/wrapio.shop\/pt\/wp-json\/wp\/v2\/media?parent=11416"}],"wp:term":[{"taxonomy":"product_brand","embeddable":true,"href":"https:\/\/wrapio.shop\/pt\/wp-json\/wp\/v2\/product_brand?post=11416"},{"taxonomy":"product_cat","embeddable":true,"href":"https:\/\/wrapio.shop\/pt\/wp-json\/wp\/v2\/product_cat?post=11416"},{"taxonomy":"product_tag","embeddable":true,"href":"https:\/\/wrapio.shop\/pt\/wp-json\/wp\/v2\/product_tag?post=11416"}],"curies":[{"name":"wp","href":"https:\/\/api.w.org\/{rel}","templated":true}]}}