{"id":10959,"date":"2025-11-09T08:29:49","date_gmt":"2025-11-09T08:29:49","guid":{"rendered":"https:\/\/wrapio.shop\/?post_type=product&#038;p=10959"},"modified":"2026-04-02T10:33:28","modified_gmt":"2026-04-02T10:33:28","slug":"iphone-15-plus","status":"publish","type":"product","link":"https:\/\/wrapio.shop\/pt\/produto\/iphone-15-plus\/","title":{"rendered":"iPhone 15 Plus"},"content":{"rendered":"<div data-elementor-type=\"wp-post\" data-elementor-id=\"10959\" class=\"elementor elementor-10959\">\n\t\t\t\t<div class=\"elementor-element elementor-element-1d5441b0 e-flex e-con-boxed e-con e-parent\" data-id=\"1d5441b0\" data-element_type=\"container\">\n\t\t\t\t\t<div class=\"e-con-inner\">\n\t\t\t\t<div class=\"elementor-element elementor-element-7349449f elementor-widget elementor-widget-text-editor\" data-id=\"7349449f\" data-element_type=\"widget\" data-widget_type=\"text-editor.default\">\n\t\t\t\t<div class=\"elementor-widget-container\">\n\t\t\t\t\t\t\t\t\t<h3 style=\"color: #444; margin-top: 20px;\">Descri\u00e7\u00e3o<\/h3>\n<p style=\"margin-bottom: 30px;\">The Apple iPhone 15 Plus delivers exceptional performance and all-day battery life in a sleek, color-infused glass design, featuring an expansive 6.7-inch Super Retina XDR display and the A16 Bionic chip.<\/p>\n\n<hr style=\"border: 0; border-top: 1px solid #eaeaea; margin-bottom: 30px;\">\n\n<h3 style=\"color: #444; margin-bottom: 20px;\">Especifica\u00e7\u00f5es T\u00e9cnicas<\/h3>\n<table style=\"border-collapse: collapse; width: 100%; text-align: left; font-size: 14px;\">\n    <tbody>\n        <tr style=\"border-bottom: 1px solid #eaeaea;\">\n            <td style=\"padding: 15px 0; width: 30%;\"><strong>Screen<\/strong><\/td>\n            <td style=\"padding: 15px 0;\">6.7&#8243; Super Retina XDR OLED<\/td>\n        <\/tr>\n        <tr style=\"border-bottom: 1px solid #eaeaea;\">\n            <td style=\"padding: 15px 0;\"><strong>Processor<\/strong><\/td>\n            <td style=\"padding: 15px 0;\">Apple A16 Bionic<\/td>\n        <\/tr>\n        <tr style=\"border-bottom: 1px solid #eaeaea;\">\n            <td style=\"padding: 15px 0;\"><strong>Connections<\/strong><\/td>\n            <td style=\"padding: 15px 0;\">Wi-Fi 6; Bluetooth 5.3; 5G (Dual SIM\/eSIM)<\/td>\n        <\/tr>\n        <tr style=\"border-bottom: 1px solid #eaeaea;\">\n            <td style=\"padding: 15px 0; vertical-align: top;\"><strong>Cameras &#038; Battery<\/strong><\/td>\n            <td style=\"padding: 15px 0; line-height: 1.6;\">\n                &bull; 48 MP Main &#038; 12 MP Ultrawide (rear) &#038; 12 MP (front)<br>\n                &bull; Up to 26 hours video playback with 15W MagSafe\n            <\/td>\n        <\/tr>\n    <\/tbody>\n<\/table>\t\t\t\t\t\t\t\t<\/div>\n\t\t\t\t<\/div>\n\t\t\t\t\t<\/div>\n\t\t\t\t<\/div>\n\t\t\t\t<\/div>","protected":false},"excerpt":{"rendered":"<p><strong data-start=\"121\" data-end=\"143\">The iPhone 15 Plus<\/strong> combines elegant design with exceptional performance, featuring a stunning <strong data-start=\"219\" data-end=\"256\">6.7-inch Super Retina XDR display<\/strong> and a durable <strong data-start=\"271\" data-end=\"312\" data-is-only-node=\"\">color-infused glass and aluminum body<\/strong>. Powered by the <strong data-start=\"329\" data-end=\"348\">A16 Bionic chip<\/strong>, it delivers fast, efficient performance for everything from gaming to multitasking. The <strong data-start=\"438\" data-end=\"458\">48MP main camera<\/strong> captures incredible detail and vibrant colors, while the <strong data-start=\"516\" data-end=\"534\">Dynamic Island<\/strong> keeps you connected in new, intuitive ways. With <strong data-start=\"584\" data-end=\"609\">MagSafe compatibility<\/strong>, <strong data-start=\"611\" data-end=\"633\">USB-C connectivity<\/strong>, and long-lasting battery life, the iPhone 15 Plus offers a perfect balance of power, beauty, and everyday convenience.<\/p>","protected":false},"featured_media":10967,"comment_status":"open","ping_status":"closed","template":"","meta":[],"product_brand":[390],"product_cat":[354,422],"product_tag":[430],"class_list":{"0":"post-10959","1":"product","2":"type-product","3":"status-publish","4":"has-post-thumbnail","6":"product_brand-apple","7":"product_cat-iphone","8":"product_cat-smartphones","9":"product_tag-trending","10":"product_shipping_class-phones","11":"ts_product_brand-apple","13":"first","14":"outofstock","15":"shipping-taxable","16":"purchasable","17":"product-type-variable","18":"has-default-attributes","19":"add-to-wishlist-after_add_to_cart"},"yoast_head":"<!-- This site is optimized with the Yoast SEO plugin v26.5 - https:\/\/yoast.com\/wordpress\/plugins\/seo\/ -->\n<title>iPhone 15 Plus - Wrapio Shop<\/title>\n<meta name=\"robots\" content=\"index, follow, max-snippet:-1, max-image-preview:large, max-video-preview:-1\" \/>\n<link rel=\"canonical\" href=\"https:\/\/wrapio.shop\/pt\/produto\/iphone-15-plus\/\" \/>\n<meta property=\"og:locale\" content=\"pt_PT\" \/>\n<meta property=\"og:type\" content=\"article\" \/>\n<meta property=\"og:title\" content=\"iPhone 15 Plus - Wrapio Shop\" \/>\n<meta property=\"og:description\" content=\"The iPhone 15 Plus combines elegant design with exceptional performance, featuring a stunning 6.7-inch Super Retina XDR display and a durable color-infused glass and aluminum body. Powered by the A16 Bionic chip, it delivers fast, efficient performance for everything from gaming to multitasking. The 48MP main camera captures incredible detail and vibrant colors, while the Dynamic Island keeps you connected in new, intuitive ways. With MagSafe compatibility, USB-C connectivity, and long-lasting battery life, the iPhone 15 Plus offers a perfect balance of power, beauty, and everyday convenience.\" \/>\n<meta property=\"og:url\" content=\"https:\/\/wrapio.shop\/pt\/produto\/iphone-15-plus\/\" \/>\n<meta property=\"og:site_name\" content=\"Wrapio Shop\" \/>\n<meta property=\"article:modified_time\" content=\"2026-04-02T10:33:28+00:00\" \/>\n<meta property=\"og:image\" content=\"https:\/\/wrapio.shop\/wp-content\/uploads\/2025\/11\/PD-iphone15-black-800x800-1.avif\" \/>\n\t<meta property=\"og:image:width\" content=\"800\" \/>\n\t<meta property=\"og:image:height\" content=\"800\" \/>\n\t<meta property=\"og:image:type\" content=\"image\/jpeg\" \/>\n<meta name=\"twitter:card\" content=\"summary_large_image\" \/>\n<meta name=\"twitter:label1\" content=\"Tempo estimado de leitura\" \/>\n\t<meta name=\"twitter:data1\" content=\"1 minuto\" \/>\n<!-- \/ Yoast SEO plugin. -->","yoast_head_json":{"title":"iPhone 15 Plus - Wrapio Shop","robots":{"index":"index","follow":"follow","max-snippet":"max-snippet:-1","max-image-preview":"max-image-preview:large","max-video-preview":"max-video-preview:-1"},"canonical":"https:\/\/wrapio.shop\/pt\/produto\/iphone-15-plus\/","og_locale":"pt_PT","og_type":"article","og_title":"iPhone 15 Plus - Wrapio Shop","og_description":"The iPhone 15 Plus combines elegant design with exceptional performance, featuring a stunning 6.7-inch Super Retina XDR display and a durable color-infused glass and aluminum body. Powered by the A16 Bionic chip, it delivers fast, efficient performance for everything from gaming to multitasking. The 48MP main camera captures incredible detail and vibrant colors, while the Dynamic Island keeps you connected in new, intuitive ways. With MagSafe compatibility, USB-C connectivity, and long-lasting battery life, the iPhone 15 Plus offers a perfect balance of power, beauty, and everyday convenience.","og_url":"https:\/\/wrapio.shop\/pt\/produto\/iphone-15-plus\/","og_site_name":"Wrapio Shop","article_modified_time":"2026-04-02T10:33:28+00:00","og_image":[{"width":800,"height":800,"url":"https:\/\/wrapio.shop\/wp-content\/uploads\/2025\/11\/PD-iphone15-black-800x800-1.avif","type":"image\/jpeg"}],"twitter_card":"summary_large_image","twitter_misc":{"Tempo estimado de leitura":"1 minuto"},"schema":{"@context":"https:\/\/schema.org","@graph":[{"@type":"WebPage","@id":"https:\/\/wrapio.shop\/product\/iphone-15-plus\/","url":"https:\/\/wrapio.shop\/product\/iphone-15-plus\/","name":"iPhone 15 Plus - Wrapio Shop","isPartOf":{"@id":"https:\/\/wrapio.shop\/#website"},"primaryImageOfPage":{"@id":"https:\/\/wrapio.shop\/product\/iphone-15-plus\/#primaryimage"},"image":{"@id":"https:\/\/wrapio.shop\/product\/iphone-15-plus\/#primaryimage"},"thumbnailUrl":"https:\/\/wrapio.shop\/wp-content\/uploads\/2025\/11\/PD-iphone15-black-800x800-1.avif","datePublished":"2025-11-09T08:29:49+00:00","dateModified":"2026-04-02T10:33:28+00:00","breadcrumb":{"@id":"https:\/\/wrapio.shop\/product\/iphone-15-plus\/#breadcrumb"},"inLanguage":"pt-PT","potentialAction":[{"@type":"ReadAction","target":["https:\/\/wrapio.shop\/product\/iphone-15-plus\/"]}]},{"@type":"ImageObject","inLanguage":"pt-PT","@id":"https:\/\/wrapio.shop\/product\/iphone-15-plus\/#primaryimage","url":"https:\/\/wrapio.shop\/wp-content\/uploads\/2025\/11\/PD-iphone15-black-800x800-1.avif","contentUrl":"https:\/\/wrapio.shop\/wp-content\/uploads\/2025\/11\/PD-iphone15-black-800x800-1.avif","width":800,"height":800},{"@type":"BreadcrumbList","@id":"https:\/\/wrapio.shop\/product\/iphone-15-plus\/#breadcrumb","itemListElement":[{"@type":"ListItem","position":1,"name":"Home","item":"https:\/\/wrapio.shop\/"},{"@type":"ListItem","position":2,"name":"Shop","item":"https:\/\/wrapio.shop\/shop\/"},{"@type":"ListItem","position":3,"name":"iPhone 15 Plus"}]},{"@type":"WebSite","@id":"https:\/\/wrapio.shop\/#website","url":"https:\/\/wrapio.shop\/","name":"Wrapio Shop","description":"Redesign Your Phone and Cards","potentialAction":[{"@type":"SearchAction","target":{"@type":"EntryPoint","urlTemplate":"https:\/\/wrapio.shop\/?s={search_term_string}"},"query-input":{"@type":"PropertyValueSpecification","valueRequired":true,"valueName":"search_term_string"}}],"inLanguage":"pt-PT"}]}},"_links":{"self":[{"href":"https:\/\/wrapio.shop\/pt\/wp-json\/wp\/v2\/product\/10959","targetHints":{"allow":["GET"]}}],"collection":[{"href":"https:\/\/wrapio.shop\/pt\/wp-json\/wp\/v2\/product"}],"about":[{"href":"https:\/\/wrapio.shop\/pt\/wp-json\/wp\/v2\/types\/product"}],"replies":[{"embeddable":true,"href":"https:\/\/wrapio.shop\/pt\/wp-json\/wp\/v2\/comments?post=10959"}],"version-history":[{"count":12,"href":"https:\/\/wrapio.shop\/pt\/wp-json\/wp\/v2\/product\/10959\/revisions"}],"predecessor-version":[{"id":13060,"href":"https:\/\/wrapio.shop\/pt\/wp-json\/wp\/v2\/product\/10959\/revisions\/13060"}],"wp:featuredmedia":[{"embeddable":true,"href":"https:\/\/wrapio.shop\/pt\/wp-json\/wp\/v2\/media\/10967"}],"wp:attachment":[{"href":"https:\/\/wrapio.shop\/pt\/wp-json\/wp\/v2\/media?parent=10959"}],"wp:term":[{"taxonomy":"product_brand","embeddable":true,"href":"https:\/\/wrapio.shop\/pt\/wp-json\/wp\/v2\/product_brand?post=10959"},{"taxonomy":"product_cat","embeddable":true,"href":"https:\/\/wrapio.shop\/pt\/wp-json\/wp\/v2\/product_cat?post=10959"},{"taxonomy":"product_tag","embeddable":true,"href":"https:\/\/wrapio.shop\/pt\/wp-json\/wp\/v2\/product_tag?post=10959"}],"curies":[{"name":"wp","href":"https:\/\/api.w.org\/{rel}","templated":true}]}}