{"id":10650,"date":"2025-11-14T09:07:09","date_gmt":"2025-11-14T09:07:09","guid":{"rendered":"https:\/\/wrapio.shop\/?post_type=product&#038;p=10650"},"modified":"2026-03-31T14:10:54","modified_gmt":"2026-03-31T14:10:54","slug":"iphone-17-pro-512-gb-seminovo","status":"publish","type":"product","link":"https:\/\/wrapio.shop\/pt\/produto\/iphone-17-pro-512-gb-seminovo\/","title":{"rendered":"iPhone 17 pro max 512 GB"},"content":{"rendered":"<div data-elementor-type=\"wp-post\" data-elementor-id=\"10650\" class=\"elementor elementor-10650\">\n\t\t\t\t<div class=\"elementor-element elementor-element-1d5441b0 e-flex e-con-boxed e-con e-parent\" data-id=\"1d5441b0\" data-element_type=\"container\">\n\t\t\t\t\t<div class=\"e-con-inner\">\n\t\t\t\t<div class=\"elementor-element elementor-element-7349449f elementor-widget elementor-widget-text-editor\" data-id=\"7349449f\" data-element_type=\"widget\" data-widget_type=\"text-editor.default\">\n\t\t\t\t<div class=\"elementor-widget-container\">\n\t\t\t\t\t\t\t\t\t<h3 style=\"color: #444; margin-top: 20px;\">Descri\u00e7\u00e3o<\/h3>\n<p style=\"margin-bottom: 30px;\">The Apple iPhone 16 Pro Max features a durable Grade 5 titanium design, a massive 6.9-inch Super Retina XDR display, and the blazing-fast A18 Pro chip for unmatched performance and battery life.<\/p>\n\n<hr style=\"border: 0; border-top: 1px solid #eaeaea; margin-bottom: 30px;\">\n\n<h3 style=\"color: #444; margin-bottom: 20px;\">Especifica\u00e7\u00f5es T\u00e9cnicas<\/h3>\n<table style=\"border-collapse: collapse; width: 100%; text-align: left; font-size: 14px;\">\n    <tbody>\n        <tr style=\"border-bottom: 1px solid #eaeaea;\">\n            <td style=\"padding: 15px 0; width: 30%;\"><strong>Screen<\/strong><\/td>\n            <td style=\"padding: 15px 0;\">6.9&#8243; Super Retina XDR OLED (120Hz ProMotion)<\/td>\n        <\/tr>\n        <tr style=\"border-bottom: 1px solid #eaeaea;\">\n            <td style=\"padding: 15px 0;\"><strong>Processor<\/strong><\/td>\n            <td style=\"padding: 15px 0;\">Apple A18 Pro<\/td>\n        <\/tr>\n        <tr style=\"border-bottom: 1px solid #eaeaea;\">\n            <td style=\"padding: 15px 0;\"><strong>Connections<\/strong><\/td>\n            <td style=\"padding: 15px 0;\">Wi-Fi 7; Bluetooth 5.3; 5G (Dual SIM\/eSIM)<\/td>\n        <\/tr>\n        <tr style=\"border-bottom: 1px solid #eaeaea;\">\n            <td style=\"padding: 15px 0; vertical-align: top;\"><strong>Cameras &#038; Battery<\/strong><\/td>\n            <td style=\"padding: 15px 0; line-height: 1.6;\">\n                &bull; 48 MP Fusion &#038; Ultra Wide, 5x Telephoto (rear) &#038; 12 MP (front)<br>\n                &bull; Up to 33 hours video playback with 25W MagSafe\n            <\/td>\n        <\/tr>\n    <\/tbody>\n<\/table>\t\t\t\t\t\t\t\t<\/div>\n\t\t\t\t<\/div>\n\t\t\t\t\t<\/div>\n\t\t\t\t<\/div>\n\t\t\t\t<\/div>","protected":false},"excerpt":{"rendered":"<p>O iPhone 16 Pro Max apresenta um design de tit\u00e2nio Grau 5 com um elegante acabamento microjateado. O tit\u00e2nio \u00e9 um dos metais com a maior rela\u00e7\u00e3o resist\u00eancia\/peso, tornando estes modelos incrivelmente dur\u00e1veis, mas surpreendentemente leves. O iPhone 16 Pro est\u00e1 dispon\u00edvel em quatro cores, incluindo o novo Desert Titanium. No interior tamb\u00e9m h\u00e1 inova\u00e7\u00f5es not\u00e1veis. A subestrutura t\u00e9rmica de alum\u00ednio 100% reciclado e as otimiza\u00e7\u00f5es no vidro traseiro dissipam mais calor, permitindo um aumento cont\u00ednuo de desempenho de 20% em compara\u00e7\u00e3o com o iPhone 15 Pro. Prepare-se para maratonas de jogos, trabalho ou qualquer outra coisa que voc\u00ea goste.<\/p>","protected":false},"featured_media":10546,"comment_status":"open","ping_status":"closed","template":"","meta":[],"product_brand":[390],"product_cat":[354,422],"product_tag":[],"class_list":{"0":"post-10650","1":"product","2":"type-product","3":"status-publish","4":"has-post-thumbnail","6":"product_brand-apple","7":"product_cat-iphone","8":"product_cat-smartphones","9":"product_shipping_class-phones","10":"ts_product_brand-apple","12":"first","13":"instock","14":"sale","15":"featured","16":"shipping-taxable","17":"purchasable","18":"product-type-variable","19":"has-default-attributes","20":"add-to-wishlist-after_add_to_cart"},"yoast_head":"<!-- This site is optimized with the Yoast SEO plugin v26.5 - https:\/\/yoast.com\/wordpress\/plugins\/seo\/ -->\n<title>iPhone 17 pro max 512 GB - Wrapio Shop<\/title>\n<meta name=\"robots\" content=\"index, follow, max-snippet:-1, max-image-preview:large, max-video-preview:-1\" \/>\n<link rel=\"canonical\" href=\"https:\/\/wrapio.shop\/pt\/produto\/iphone-17-pro-512-gb-seminovo\/\" \/>\n<meta property=\"og:locale\" content=\"pt_PT\" \/>\n<meta property=\"og:type\" content=\"article\" \/>\n<meta property=\"og:title\" content=\"iPhone 17 pro max 512 GB - Wrapio Shop\" \/>\n<meta property=\"og:description\" content=\"The iPhone 16 Pro Max features a Grade 5 titanium design with an elegant micro-blasted finish. Titanium is one of the metals with the highest strength-to-weight ratio, making these models incredibly durable yet surprisingly lightweight. The iPhone 16 Pro is available in four colors, including the new Desert Titanium. Inside, there are also remarkable innovations. The 100% recycled aluminum thermal substructure and optimizations in the rear glass dissipate more heat, enabling a continuous performance increase of 20% compared to the iPhone 15 Pro. Get ready for gaming marathons, work, or anything else you enjoy.\" \/>\n<meta property=\"og:url\" content=\"https:\/\/wrapio.shop\/pt\/produto\/iphone-17-pro-512-gb-seminovo\/\" \/>\n<meta property=\"og:site_name\" content=\"Wrapio Shop\" \/>\n<meta property=\"article:modified_time\" content=\"2026-03-31T14:10:54+00:00\" \/>\n<meta property=\"og:image\" content=\"https:\/\/wrapio.shop\/wp-content\/uploads\/2025\/09\/blue-2-1.webp\" \/>\n\t<meta property=\"og:image:width\" content=\"2560\" \/>\n\t<meta property=\"og:image:height\" content=\"2560\" \/>\n\t<meta property=\"og:image:type\" content=\"image\/webp\" \/>\n<meta name=\"twitter:card\" content=\"summary_large_image\" \/>\n<meta name=\"twitter:label1\" content=\"Tempo estimado de leitura\" \/>\n\t<meta name=\"twitter:data1\" content=\"1 minuto\" \/>\n<!-- \/ Yoast SEO plugin. -->","yoast_head_json":{"title":"iPhone 17 pro max 512 GB - Wrapio Shop","robots":{"index":"index","follow":"follow","max-snippet":"max-snippet:-1","max-image-preview":"max-image-preview:large","max-video-preview":"max-video-preview:-1"},"canonical":"https:\/\/wrapio.shop\/pt\/produto\/iphone-17-pro-512-gb-seminovo\/","og_locale":"pt_PT","og_type":"article","og_title":"iPhone 17 pro max 512 GB - Wrapio Shop","og_description":"The iPhone 16 Pro Max features a Grade 5 titanium design with an elegant micro-blasted finish. Titanium is one of the metals with the highest strength-to-weight ratio, making these models incredibly durable yet surprisingly lightweight. The iPhone 16 Pro is available in four colors, including the new Desert Titanium. Inside, there are also remarkable innovations. The 100% recycled aluminum thermal substructure and optimizations in the rear glass dissipate more heat, enabling a continuous performance increase of 20% compared to the iPhone 15 Pro. Get ready for gaming marathons, work, or anything else you enjoy.","og_url":"https:\/\/wrapio.shop\/pt\/produto\/iphone-17-pro-512-gb-seminovo\/","og_site_name":"Wrapio Shop","article_modified_time":"2026-03-31T14:10:54+00:00","og_image":[{"width":2560,"height":2560,"url":"https:\/\/wrapio.shop\/wp-content\/uploads\/2025\/09\/blue-2-1.webp","type":"image\/webp"}],"twitter_card":"summary_large_image","twitter_misc":{"Tempo estimado de leitura":"1 minuto"},"schema":{"@context":"https:\/\/schema.org","@graph":[{"@type":"WebPage","@id":"https:\/\/wrapio.shop\/product\/iphone-17-pro-512-gb-seminovo\/","url":"https:\/\/wrapio.shop\/product\/iphone-17-pro-512-gb-seminovo\/","name":"iPhone 17 pro max 512 GB - Wrapio Shop","isPartOf":{"@id":"https:\/\/wrapio.shop\/#website"},"primaryImageOfPage":{"@id":"https:\/\/wrapio.shop\/product\/iphone-17-pro-512-gb-seminovo\/#primaryimage"},"image":{"@id":"https:\/\/wrapio.shop\/product\/iphone-17-pro-512-gb-seminovo\/#primaryimage"},"thumbnailUrl":"https:\/\/wrapio.shop\/wp-content\/uploads\/2025\/09\/blue-2-1.webp","datePublished":"2025-11-14T09:07:09+00:00","dateModified":"2026-03-31T14:10:54+00:00","breadcrumb":{"@id":"https:\/\/wrapio.shop\/product\/iphone-17-pro-512-gb-seminovo\/#breadcrumb"},"inLanguage":"pt-PT","potentialAction":[{"@type":"ReadAction","target":["https:\/\/wrapio.shop\/product\/iphone-17-pro-512-gb-seminovo\/"]}]},{"@type":"ImageObject","inLanguage":"pt-PT","@id":"https:\/\/wrapio.shop\/product\/iphone-17-pro-512-gb-seminovo\/#primaryimage","url":"https:\/\/wrapio.shop\/wp-content\/uploads\/2025\/09\/blue-2-1.webp","contentUrl":"https:\/\/wrapio.shop\/wp-content\/uploads\/2025\/09\/blue-2-1.webp","width":2560,"height":2560},{"@type":"BreadcrumbList","@id":"https:\/\/wrapio.shop\/product\/iphone-17-pro-512-gb-seminovo\/#breadcrumb","itemListElement":[{"@type":"ListItem","position":1,"name":"Home","item":"https:\/\/wrapio.shop\/"},{"@type":"ListItem","position":2,"name":"Shop","item":"https:\/\/wrapio.shop\/shop\/"},{"@type":"ListItem","position":3,"name":"iPhone 17 pro max 512 GB"}]},{"@type":"WebSite","@id":"https:\/\/wrapio.shop\/#website","url":"https:\/\/wrapio.shop\/","name":"Wrapio Shop","description":"Redesign Your Phone and Cards","potentialAction":[{"@type":"SearchAction","target":{"@type":"EntryPoint","urlTemplate":"https:\/\/wrapio.shop\/?s={search_term_string}"},"query-input":{"@type":"PropertyValueSpecification","valueRequired":true,"valueName":"search_term_string"}}],"inLanguage":"pt-PT"}]}},"_links":{"self":[{"href":"https:\/\/wrapio.shop\/pt\/wp-json\/wp\/v2\/product\/10650","targetHints":{"allow":["GET"]}}],"collection":[{"href":"https:\/\/wrapio.shop\/pt\/wp-json\/wp\/v2\/product"}],"about":[{"href":"https:\/\/wrapio.shop\/pt\/wp-json\/wp\/v2\/types\/product"}],"replies":[{"embeddable":true,"href":"https:\/\/wrapio.shop\/pt\/wp-json\/wp\/v2\/comments?post=10650"}],"version-history":[{"count":7,"href":"https:\/\/wrapio.shop\/pt\/wp-json\/wp\/v2\/product\/10650\/revisions"}],"predecessor-version":[{"id":13054,"href":"https:\/\/wrapio.shop\/pt\/wp-json\/wp\/v2\/product\/10650\/revisions\/13054"}],"wp:featuredmedia":[{"embeddable":true,"href":"https:\/\/wrapio.shop\/pt\/wp-json\/wp\/v2\/media\/10546"}],"wp:attachment":[{"href":"https:\/\/wrapio.shop\/pt\/wp-json\/wp\/v2\/media?parent=10650"}],"wp:term":[{"taxonomy":"product_brand","embeddable":true,"href":"https:\/\/wrapio.shop\/pt\/wp-json\/wp\/v2\/product_brand?post=10650"},{"taxonomy":"product_cat","embeddable":true,"href":"https:\/\/wrapio.shop\/pt\/wp-json\/wp\/v2\/product_cat?post=10650"},{"taxonomy":"product_tag","embeddable":true,"href":"https:\/\/wrapio.shop\/pt\/wp-json\/wp\/v2\/product_tag?post=10650"}],"curies":[{"name":"wp","href":"https:\/\/api.w.org\/{rel}","templated":true}]}}