{"id":10433,"date":"2025-09-17T06:09:37","date_gmt":"2025-09-17T06:09:37","guid":{"rendered":"https:\/\/wrapio.shop\/?post_type=product&#038;p=10433"},"modified":"2026-04-02T10:37:11","modified_gmt":"2026-04-02T10:37:11","slug":"samsung-galaxy-a56-smartphone-6-7-8-gb-256-gb-black","status":"publish","type":"product","link":"https:\/\/wrapio.shop\/pt\/produto\/samsung-galaxy-a56-smartphone-6-7-8-gb-256-gb-black\/","title":{"rendered":"Samsung Galaxy A56"},"content":{"rendered":"<div data-elementor-type=\"wp-post\" data-elementor-id=\"10433\" class=\"elementor elementor-10433\">\n\t\t\t\t<div class=\"elementor-element elementor-element-1d5441b0 e-flex e-con-boxed e-con e-parent\" data-id=\"1d5441b0\" data-element_type=\"container\">\n\t\t\t\t\t<div class=\"e-con-inner\">\n\t\t\t\t<div class=\"elementor-element elementor-element-7349449f elementor-widget elementor-widget-text-editor\" data-id=\"7349449f\" data-element_type=\"widget\" data-widget_type=\"text-editor.default\">\n\t\t\t\t<div class=\"elementor-widget-container\">\n\t\t\t\t\t\t\t\t\t<h3 style=\"color: #444; margin-top: 20px;\">Descri\u00e7\u00e3o<\/h3>\n<p style=\"margin-bottom: 30px;\">The Samsung Galaxy A56 5G combines a stunning 6.7-inch Super AMOLED 120Hz display with an advanced quad-camera system and a high-performance 5G processor for an exceptional mid-range experience.<\/p>\n\n<hr style=\"border: 0; border-top: 1px solid #eaeaea; margin-bottom: 30px;\">\n\n<h3 style=\"color: #444; margin-bottom: 20px;\">Especifica\u00e7\u00f5es T\u00e9cnicas<\/h3>\n<table style=\"border-collapse: collapse; width: 100%; text-align: left; font-size: 14px;\">\n    <tbody>\n        <tr style=\"border-bottom: 1px solid #eaeaea;\">\n            <td style=\"padding: 15px 0; width: 30%;\"><strong>Screen<\/strong><\/td>\n            <td style=\"padding: 15px 0;\">6.7&#8243; Super AMOLED (120Hz)<\/td>\n        <\/tr>\n        <tr style=\"border-bottom: 1px solid #eaeaea;\">\n            <td style=\"padding: 15px 0;\"><strong>Processor<\/strong><\/td>\n            <td style=\"padding: 15px 0;\">5G Octa-Core (8 GB RAM \/ 256 GB Storage)<\/td>\n        <\/tr>\n        <tr style=\"border-bottom: 1px solid #eaeaea;\">\n            <td style=\"padding: 15px 0;\"><strong>Connections<\/strong><\/td>\n            <td style=\"padding: 15px 0;\">Wi-Fi 5; Bluetooth 5.3; 5G (Dual SIM)<\/td>\n        <\/tr>\n        <tr style=\"border-bottom: 1px solid #eaeaea;\">\n            <td style=\"padding: 15px 0; vertical-align: top;\"><strong>Cameras &#038; Battery<\/strong><\/td>\n            <td style=\"padding: 15px 0; line-height: 1.6;\">\n                &bull; 64 MP Quad (rear) &#038; 32 MP (front)<br>\n                &bull; 5,000 mAh battery with 25W charging\n            <\/td>\n        <\/tr>\n    <\/tbody>\n<\/table>\t\t\t\t\t\t\t\t<\/div>\n\t\t\t\t<\/div>\n\t\t\t\t\t<\/div>\n\t\t\t\t<\/div>\n\t\t\t\t<\/div>","protected":false},"excerpt":{"rendered":"<p>Description The Samsung Galaxy A56 5G combines a stunning 6.7-inch Super AMOLED 120Hz display with an advanced quad-camera system and a high-performance 5G processor for an exceptional mid-range experience. Technical Specifications Screen 6.7&#8243; Super AMOLED (120Hz) Processor 5G Octa-Core (8 GB RAM \/ 256 GB Storage) Connections Wi-Fi 5; Bluetooth 5.3; 5G (Dual SIM) Cameras [&hellip;]<\/p>","protected":false},"featured_media":10369,"comment_status":"open","ping_status":"closed","template":"","meta":[],"product_brand":[382],"product_cat":[357,422],"product_tag":[432,433,429,431],"class_list":{"0":"post-10433","1":"product","2":"type-product","3":"status-publish","4":"has-post-thumbnail","6":"product_brand-samsung","7":"product_cat-android","8":"product_cat-smartphones","9":"product_tag-bestseller","10":"product_tag-flagship","11":"product_tag-gift-idea","12":"product_tag-on-sale","13":"product_shipping_class-phones","14":"ts_product_brand-samsung","16":"first","17":"instock","18":"shipping-taxable","19":"purchasable","20":"product-type-variable","21":"has-default-attributes","22":"add-to-wishlist-after_add_to_cart"},"yoast_head":"<!-- This site is optimized with the Yoast SEO plugin v26.5 - https:\/\/yoast.com\/wordpress\/plugins\/seo\/ -->\n<title>Samsung Galaxy A56 - Wrapio Shop<\/title>\n<meta name=\"robots\" content=\"index, follow, max-snippet:-1, max-image-preview:large, max-video-preview:-1\" \/>\n<link rel=\"canonical\" href=\"https:\/\/wrapio.shop\/pt\/produto\/samsung-galaxy-a56-smartphone-6-7-8-gb-256-gb-black\/\" \/>\n<meta property=\"og:locale\" content=\"pt_PT\" \/>\n<meta property=\"og:type\" content=\"article\" \/>\n<meta property=\"og:title\" content=\"Samsung Galaxy A56 - Wrapio Shop\" \/>\n<meta property=\"og:description\" content=\"Description The Samsung Galaxy A56 5G combines a stunning 6.7-inch Super AMOLED 120Hz display with an advanced quad-camera system and a high-performance 5G processor for an exceptional mid-range experience. Technical Specifications Screen 6.7&#8243; Super AMOLED (120Hz) Processor 5G Octa-Core (8 GB RAM \/ 256 GB Storage) Connections Wi-Fi 5; Bluetooth 5.3; 5G (Dual SIM) Cameras [&hellip;]\" \/>\n<meta property=\"og:url\" content=\"https:\/\/wrapio.shop\/pt\/produto\/samsung-galaxy-a56-smartphone-6-7-8-gb-256-gb-black\/\" \/>\n<meta property=\"og:site_name\" content=\"Wrapio Shop\" \/>\n<meta property=\"article:modified_time\" content=\"2026-04-02T10:37:11+00:00\" \/>\n<meta property=\"og:image\" content=\"https:\/\/wrapio.shop\/wp-content\/uploads\/2025\/09\/samsung_galaxy_a56.webp\" \/>\n\t<meta property=\"og:image:width\" content=\"330\" \/>\n\t<meta property=\"og:image:height\" content=\"330\" \/>\n\t<meta property=\"og:image:type\" content=\"image\/webp\" \/>\n<meta name=\"twitter:card\" content=\"summary_large_image\" \/>\n<meta name=\"twitter:label1\" content=\"Tempo estimado de leitura\" \/>\n\t<meta name=\"twitter:data1\" content=\"1 minuto\" \/>\n<!-- \/ Yoast SEO plugin. -->","yoast_head_json":{"title":"Samsung Galaxy A56 - Wrapio Shop","robots":{"index":"index","follow":"follow","max-snippet":"max-snippet:-1","max-image-preview":"max-image-preview:large","max-video-preview":"max-video-preview:-1"},"canonical":"https:\/\/wrapio.shop\/pt\/produto\/samsung-galaxy-a56-smartphone-6-7-8-gb-256-gb-black\/","og_locale":"pt_PT","og_type":"article","og_title":"Samsung Galaxy A56 - Wrapio Shop","og_description":"Description The Samsung Galaxy A56 5G combines a stunning 6.7-inch Super AMOLED 120Hz display with an advanced quad-camera system and a high-performance 5G processor for an exceptional mid-range experience. Technical Specifications Screen 6.7&#8243; Super AMOLED (120Hz) Processor 5G Octa-Core (8 GB RAM \/ 256 GB Storage) Connections Wi-Fi 5; Bluetooth 5.3; 5G (Dual SIM) Cameras [&hellip;]","og_url":"https:\/\/wrapio.shop\/pt\/produto\/samsung-galaxy-a56-smartphone-6-7-8-gb-256-gb-black\/","og_site_name":"Wrapio Shop","article_modified_time":"2026-04-02T10:37:11+00:00","og_image":[{"width":330,"height":330,"url":"https:\/\/wrapio.shop\/wp-content\/uploads\/2025\/09\/samsung_galaxy_a56.webp","type":"image\/webp"}],"twitter_card":"summary_large_image","twitter_misc":{"Tempo estimado de leitura":"1 minuto"},"schema":{"@context":"https:\/\/schema.org","@graph":[{"@type":"WebPage","@id":"https:\/\/wrapio.shop\/product\/samsung-galaxy-a56-smartphone-6-7-8-gb-256-gb-black\/","url":"https:\/\/wrapio.shop\/product\/samsung-galaxy-a56-smartphone-6-7-8-gb-256-gb-black\/","name":"Samsung Galaxy A56 - Wrapio Shop","isPartOf":{"@id":"https:\/\/wrapio.shop\/#website"},"primaryImageOfPage":{"@id":"https:\/\/wrapio.shop\/product\/samsung-galaxy-a56-smartphone-6-7-8-gb-256-gb-black\/#primaryimage"},"image":{"@id":"https:\/\/wrapio.shop\/product\/samsung-galaxy-a56-smartphone-6-7-8-gb-256-gb-black\/#primaryimage"},"thumbnailUrl":"https:\/\/wrapio.shop\/wp-content\/uploads\/2025\/09\/samsung_galaxy_a56.webp","datePublished":"2025-09-17T06:09:37+00:00","dateModified":"2026-04-02T10:37:11+00:00","breadcrumb":{"@id":"https:\/\/wrapio.shop\/product\/samsung-galaxy-a56-smartphone-6-7-8-gb-256-gb-black\/#breadcrumb"},"inLanguage":"pt-PT","potentialAction":[{"@type":"ReadAction","target":["https:\/\/wrapio.shop\/product\/samsung-galaxy-a56-smartphone-6-7-8-gb-256-gb-black\/"]}]},{"@type":"ImageObject","inLanguage":"pt-PT","@id":"https:\/\/wrapio.shop\/product\/samsung-galaxy-a56-smartphone-6-7-8-gb-256-gb-black\/#primaryimage","url":"https:\/\/wrapio.shop\/wp-content\/uploads\/2025\/09\/samsung_galaxy_a56.webp","contentUrl":"https:\/\/wrapio.shop\/wp-content\/uploads\/2025\/09\/samsung_galaxy_a56.webp","width":330,"height":330},{"@type":"BreadcrumbList","@id":"https:\/\/wrapio.shop\/product\/samsung-galaxy-a56-smartphone-6-7-8-gb-256-gb-black\/#breadcrumb","itemListElement":[{"@type":"ListItem","position":1,"name":"Home","item":"https:\/\/wrapio.shop\/"},{"@type":"ListItem","position":2,"name":"Shop","item":"https:\/\/wrapio.shop\/shop\/"},{"@type":"ListItem","position":3,"name":"Samsung Galaxy A56"}]},{"@type":"WebSite","@id":"https:\/\/wrapio.shop\/#website","url":"https:\/\/wrapio.shop\/","name":"Wrapio Shop","description":"Redesign Your Phone and Cards","potentialAction":[{"@type":"SearchAction","target":{"@type":"EntryPoint","urlTemplate":"https:\/\/wrapio.shop\/?s={search_term_string}"},"query-input":{"@type":"PropertyValueSpecification","valueRequired":true,"valueName":"search_term_string"}}],"inLanguage":"pt-PT"}]}},"_links":{"self":[{"href":"https:\/\/wrapio.shop\/pt\/wp-json\/wp\/v2\/product\/10433","targetHints":{"allow":["GET"]}}],"collection":[{"href":"https:\/\/wrapio.shop\/pt\/wp-json\/wp\/v2\/product"}],"about":[{"href":"https:\/\/wrapio.shop\/pt\/wp-json\/wp\/v2\/types\/product"}],"replies":[{"embeddable":true,"href":"https:\/\/wrapio.shop\/pt\/wp-json\/wp\/v2\/comments?post=10433"}],"version-history":[{"count":11,"href":"https:\/\/wrapio.shop\/pt\/wp-json\/wp\/v2\/product\/10433\/revisions"}],"predecessor-version":[{"id":13068,"href":"https:\/\/wrapio.shop\/pt\/wp-json\/wp\/v2\/product\/10433\/revisions\/13068"}],"wp:featuredmedia":[{"embeddable":true,"href":"https:\/\/wrapio.shop\/pt\/wp-json\/wp\/v2\/media\/10369"}],"wp:attachment":[{"href":"https:\/\/wrapio.shop\/pt\/wp-json\/wp\/v2\/media?parent=10433"}],"wp:term":[{"taxonomy":"product_brand","embeddable":true,"href":"https:\/\/wrapio.shop\/pt\/wp-json\/wp\/v2\/product_brand?post=10433"},{"taxonomy":"product_cat","embeddable":true,"href":"https:\/\/wrapio.shop\/pt\/wp-json\/wp\/v2\/product_cat?post=10433"},{"taxonomy":"product_tag","embeddable":true,"href":"https:\/\/wrapio.shop\/pt\/wp-json\/wp\/v2\/product_tag?post=10433"}],"curies":[{"name":"wp","href":"https:\/\/api.w.org\/{rel}","templated":true}]}}