{"id":10374,"date":"2025-09-13T12:54:44","date_gmt":"2025-09-13T12:54:44","guid":{"rendered":"https:\/\/wrapio.shop\/?post_type=product&#038;p=10374"},"modified":"2026-04-02T10:43:15","modified_gmt":"2026-04-02T10:43:15","slug":"xiaomi_redmi_14c","status":"publish","type":"product","link":"https:\/\/wrapio.shop\/pt\/produto\/xiaomi_redmi_14c\/","title":{"rendered":"Xiaomi Redmi 14c"},"content":{"rendered":"<div data-elementor-type=\"wp-post\" data-elementor-id=\"10374\" class=\"elementor elementor-10374\">\n\t\t\t\t<div class=\"elementor-element elementor-element-1d5441b0 e-flex e-con-boxed e-con e-parent\" data-id=\"1d5441b0\" data-element_type=\"container\">\n\t\t\t\t\t<div class=\"e-con-inner\">\n\t\t\t\t<div class=\"elementor-element elementor-element-7349449f elementor-widget elementor-widget-text-editor\" data-id=\"7349449f\" data-element_type=\"widget\" data-widget_type=\"text-editor.default\">\n\t\t\t\t<div class=\"elementor-widget-container\">\n\t\t\t\t\t\t\t\t\t<h3 style=\"color: #444; margin-top: 20px;\">Descri\u00e7\u00e3o<\/h3>\n<p style=\"margin-bottom: 30px;\">The Xiaomi Redmi 14C offers an immersive budget experience with a massive 6.88-inch 120Hz display, a refined ultra-slim design, and a long-lasting 5,160 mAh battery.<\/p>\n\n<hr style=\"border: 0; border-top: 1px solid #eaeaea; margin-bottom: 30px;\">\n\n<h3 style=\"color: #444; margin-bottom: 20px;\">Especifica\u00e7\u00f5es T\u00e9cnicas<\/h3>\n<table style=\"border-collapse: collapse; width: 100%; text-align: left; font-size: 14px;\">\n    <tbody>\n        <tr style=\"border-bottom: 1px solid #eaeaea;\">\n            <td style=\"padding: 15px 0; width: 30%;\"><strong>Screen<\/strong><\/td>\n            <td style=\"padding: 15px 0;\">6.88&#8243; Dot Drop Display (120Hz HD+)<\/td>\n        <\/tr>\n        <tr style=\"border-bottom: 1px solid #eaeaea;\">\n            <td style=\"padding: 15px 0;\"><strong>Processor<\/strong><\/td>\n            <td style=\"padding: 15px 0;\">MediaTek Helio G81-Ultra (4 GB RAM \/ 128 GB Storage)<\/td>\n        <\/tr>\n        <tr style=\"border-bottom: 1px solid #eaeaea;\">\n            <td style=\"padding: 15px 0;\"><strong>Connections<\/strong><\/td>\n            <td style=\"padding: 15px 0;\">Wi-Fi 5; Bluetooth 5.4; 4G LTE (Dual SIM)<\/td>\n        <\/tr>\n        <tr style=\"border-bottom: 1px solid #eaeaea;\">\n            <td style=\"padding: 15px 0; vertical-align: top;\"><strong>Cameras &#038; Battery<\/strong><\/td>\n            <td style=\"padding: 15px 0; line-height: 1.6;\">\n                &bull; 50 MP AI Dual (rear) &#038; 13 MP (front)<br>\n                &bull; 5,160 mAh battery with 18W fast charging\n            <\/td>\n        <\/tr>\n    <\/tbody>\n<\/table>\t\t\t\t\t\t\t\t<\/div>\n\t\t\t\t<\/div>\n\t\t\t\t\t<\/div>\n\t\t\t\t<\/div>\n\t\t\t\t<\/div>","protected":false},"excerpt":{"rendered":"<p>Description The Xiaomi Redmi 14C offers an immersive budget experience with a massive 6.88-inch 120Hz display, a refined ultra-slim design, and a long-lasting 5,160 mAh battery. Technical Specifications Screen 6.88&#8243; Dot Drop Display (120Hz HD+) Processor MediaTek Helio G81-Ultra (4 GB RAM \/ 128 GB Storage) Connections Wi-Fi 5; Bluetooth 5.4; 4G LTE (Dual SIM) [&hellip;]<\/p>","protected":false},"featured_media":10380,"comment_status":"open","ping_status":"closed","template":"","meta":[],"product_brand":[421],"product_cat":[357,422],"product_tag":[430],"class_list":{"0":"post-10374","1":"product","2":"type-product","3":"status-publish","4":"has-post-thumbnail","6":"product_brand-xiaomi","7":"product_cat-android","8":"product_cat-smartphones","9":"product_tag-trending","10":"product_shipping_class-phones","11":"ts_product_brand-xiaomi","13":"first","14":"instock","15":"shipping-taxable","16":"purchasable","17":"product-type-variable","18":"has-default-attributes","19":"add-to-wishlist-after_add_to_cart"},"yoast_head":"<!-- This site is optimized with the Yoast SEO plugin v26.5 - https:\/\/yoast.com\/wordpress\/plugins\/seo\/ -->\n<title>Xiaomi Redmi 14c - Wrapio Shop<\/title>\n<meta name=\"robots\" content=\"index, follow, max-snippet:-1, max-image-preview:large, max-video-preview:-1\" \/>\n<link rel=\"canonical\" href=\"https:\/\/wrapio.shop\/pt\/produto\/xiaomi_redmi_14c\/\" \/>\n<meta property=\"og:locale\" content=\"pt_PT\" \/>\n<meta property=\"og:type\" content=\"article\" \/>\n<meta property=\"og:title\" content=\"Xiaomi Redmi 14c - Wrapio Shop\" \/>\n<meta property=\"og:description\" content=\"Description The Xiaomi Redmi 14C offers an immersive budget experience with a massive 6.88-inch 120Hz display, a refined ultra-slim design, and a long-lasting 5,160 mAh battery. Technical Specifications Screen 6.88&#8243; Dot Drop Display (120Hz HD+) Processor MediaTek Helio G81-Ultra (4 GB RAM \/ 128 GB Storage) Connections Wi-Fi 5; Bluetooth 5.4; 4G LTE (Dual SIM) [&hellip;]\" \/>\n<meta property=\"og:url\" content=\"https:\/\/wrapio.shop\/pt\/produto\/xiaomi_redmi_14c\/\" \/>\n<meta property=\"og:site_name\" content=\"Wrapio Shop\" \/>\n<meta property=\"article:modified_time\" content=\"2026-04-02T10:43:15+00:00\" \/>\n<meta property=\"og:image\" content=\"https:\/\/wrapio.shop\/wp-content\/uploads\/2025\/09\/xiaomi_redmi_14c.webp\" \/>\n\t<meta property=\"og:image:width\" content=\"2560\" \/>\n\t<meta property=\"og:image:height\" content=\"2560\" \/>\n\t<meta property=\"og:image:type\" content=\"image\/webp\" \/>\n<meta name=\"twitter:card\" content=\"summary_large_image\" \/>\n<meta name=\"twitter:label1\" content=\"Tempo estimado de leitura\" \/>\n\t<meta name=\"twitter:data1\" content=\"1 minuto\" \/>\n<!-- \/ Yoast SEO plugin. -->","yoast_head_json":{"title":"Xiaomi Redmi 14c - Wrapio Shop","robots":{"index":"index","follow":"follow","max-snippet":"max-snippet:-1","max-image-preview":"max-image-preview:large","max-video-preview":"max-video-preview:-1"},"canonical":"https:\/\/wrapio.shop\/pt\/produto\/xiaomi_redmi_14c\/","og_locale":"pt_PT","og_type":"article","og_title":"Xiaomi Redmi 14c - Wrapio Shop","og_description":"Description The Xiaomi Redmi 14C offers an immersive budget experience with a massive 6.88-inch 120Hz display, a refined ultra-slim design, and a long-lasting 5,160 mAh battery. Technical Specifications Screen 6.88&#8243; Dot Drop Display (120Hz HD+) Processor MediaTek Helio G81-Ultra (4 GB RAM \/ 128 GB Storage) Connections Wi-Fi 5; Bluetooth 5.4; 4G LTE (Dual SIM) [&hellip;]","og_url":"https:\/\/wrapio.shop\/pt\/produto\/xiaomi_redmi_14c\/","og_site_name":"Wrapio Shop","article_modified_time":"2026-04-02T10:43:15+00:00","og_image":[{"width":2560,"height":2560,"url":"https:\/\/wrapio.shop\/wp-content\/uploads\/2025\/09\/xiaomi_redmi_14c.webp","type":"image\/webp"}],"twitter_card":"summary_large_image","twitter_misc":{"Tempo estimado de leitura":"1 minuto"},"schema":{"@context":"https:\/\/schema.org","@graph":[{"@type":"WebPage","@id":"https:\/\/wrapio.shop\/product\/xiaomi_redmi_14c\/","url":"https:\/\/wrapio.shop\/product\/xiaomi_redmi_14c\/","name":"Xiaomi Redmi 14c - Wrapio Shop","isPartOf":{"@id":"https:\/\/wrapio.shop\/#website"},"primaryImageOfPage":{"@id":"https:\/\/wrapio.shop\/product\/xiaomi_redmi_14c\/#primaryimage"},"image":{"@id":"https:\/\/wrapio.shop\/product\/xiaomi_redmi_14c\/#primaryimage"},"thumbnailUrl":"https:\/\/wrapio.shop\/wp-content\/uploads\/2025\/09\/xiaomi_redmi_14c.webp","datePublished":"2025-09-13T12:54:44+00:00","dateModified":"2026-04-02T10:43:15+00:00","breadcrumb":{"@id":"https:\/\/wrapio.shop\/product\/xiaomi_redmi_14c\/#breadcrumb"},"inLanguage":"pt-PT","potentialAction":[{"@type":"ReadAction","target":["https:\/\/wrapio.shop\/product\/xiaomi_redmi_14c\/"]}]},{"@type":"ImageObject","inLanguage":"pt-PT","@id":"https:\/\/wrapio.shop\/product\/xiaomi_redmi_14c\/#primaryimage","url":"https:\/\/wrapio.shop\/wp-content\/uploads\/2025\/09\/xiaomi_redmi_14c.webp","contentUrl":"https:\/\/wrapio.shop\/wp-content\/uploads\/2025\/09\/xiaomi_redmi_14c.webp","width":2560,"height":2560},{"@type":"BreadcrumbList","@id":"https:\/\/wrapio.shop\/product\/xiaomi_redmi_14c\/#breadcrumb","itemListElement":[{"@type":"ListItem","position":1,"name":"Home","item":"https:\/\/wrapio.shop\/"},{"@type":"ListItem","position":2,"name":"Shop","item":"https:\/\/wrapio.shop\/shop\/"},{"@type":"ListItem","position":3,"name":"Xiaomi Redmi 14c"}]},{"@type":"WebSite","@id":"https:\/\/wrapio.shop\/#website","url":"https:\/\/wrapio.shop\/","name":"Wrapio Shop","description":"Redesign Your Phone and Cards","potentialAction":[{"@type":"SearchAction","target":{"@type":"EntryPoint","urlTemplate":"https:\/\/wrapio.shop\/?s={search_term_string}"},"query-input":{"@type":"PropertyValueSpecification","valueRequired":true,"valueName":"search_term_string"}}],"inLanguage":"pt-PT"}]}},"_links":{"self":[{"href":"https:\/\/wrapio.shop\/pt\/wp-json\/wp\/v2\/product\/10374","targetHints":{"allow":["GET"]}}],"collection":[{"href":"https:\/\/wrapio.shop\/pt\/wp-json\/wp\/v2\/product"}],"about":[{"href":"https:\/\/wrapio.shop\/pt\/wp-json\/wp\/v2\/types\/product"}],"replies":[{"embeddable":true,"href":"https:\/\/wrapio.shop\/pt\/wp-json\/wp\/v2\/comments?post=10374"}],"version-history":[{"count":12,"href":"https:\/\/wrapio.shop\/pt\/wp-json\/wp\/v2\/product\/10374\/revisions"}],"predecessor-version":[{"id":13072,"href":"https:\/\/wrapio.shop\/pt\/wp-json\/wp\/v2\/product\/10374\/revisions\/13072"}],"wp:featuredmedia":[{"embeddable":true,"href":"https:\/\/wrapio.shop\/pt\/wp-json\/wp\/v2\/media\/10380"}],"wp:attachment":[{"href":"https:\/\/wrapio.shop\/pt\/wp-json\/wp\/v2\/media?parent=10374"}],"wp:term":[{"taxonomy":"product_brand","embeddable":true,"href":"https:\/\/wrapio.shop\/pt\/wp-json\/wp\/v2\/product_brand?post=10374"},{"taxonomy":"product_cat","embeddable":true,"href":"https:\/\/wrapio.shop\/pt\/wp-json\/wp\/v2\/product_cat?post=10374"},{"taxonomy":"product_tag","embeddable":true,"href":"https:\/\/wrapio.shop\/pt\/wp-json\/wp\/v2\/product_tag?post=10374"}],"curies":[{"name":"wp","href":"https:\/\/api.w.org\/{rel}","templated":true}]}}