{"id":10286,"date":"2025-08-28T10:52:21","date_gmt":"2025-08-28T10:52:21","guid":{"rendered":"https:\/\/wrapio.shop\/?post_type=product&#038;p=10286"},"modified":"2026-03-25T12:55:43","modified_gmt":"2026-03-25T12:55:43","slug":"iphone-16-pro-max","status":"publish","type":"product","link":"https:\/\/wrapio.shop\/pt\/produto\/iphone-16-pro-max\/","title":{"rendered":"iPhone 16 Pro Max"},"content":{"rendered":"<div data-elementor-type=\"wp-post\" data-elementor-id=\"10286\" class=\"elementor elementor-10286\">\n\t\t\t\t<div class=\"elementor-element elementor-element-1d5441b0 e-flex e-con-boxed e-con e-parent\" data-id=\"1d5441b0\" data-element_type=\"container\">\n\t\t\t\t\t<div class=\"e-con-inner\">\n\t\t\t\t<div class=\"elementor-element elementor-element-7349449f elementor-widget elementor-widget-text-editor\" data-id=\"7349449f\" data-element_type=\"widget\" data-widget_type=\"text-editor.default\">\n\t\t\t\t<div class=\"elementor-widget-container\">\n\t\t\t\t\t\t\t\t\t<h3 data-start=\"83\" data-end=\"98\">Descri\u00e7\u00e3o<\/h3>\n<p data-start=\"99\" data-end=\"716\">The iPhone 16 Pro Max features a Grade 5 titanium design with an elegant micro-blasted finish. Titanium is one of the metals with the highest strength-to-weight ratio, making these models incredibly durable yet surprisingly lightweight. The iPhone 16 Pro is available in three colors, including the new Desert Titanium. Inside, there are also remarkable innovations. The 100% recycled aluminum thermal substructure and optimizations in the rear glass dissipate more heat, enabling a continuous performance increase of 20% compared to the iPhone 15 Pro. Get ready for gaming marathons, work, or anything else you enjoy.<\/p>\n<hr data-start=\"718\" data-end=\"721\">\n<h3 data-start=\"723\" data-end=\"755\">DESIGN IMPRESSIONANTE DE TIT\u00c2NIO<\/h3>\n<p data-start=\"756\" data-end=\"954\">O iPhone 16 Pro Max tem um design de tit\u00e2nio robusto, por\u00e9m leve, com tela Super Retina XDR de 6,9 \u200b\u200bpolegadas. O Ceramic Shield de pr\u00f3xima gera\u00e7\u00e3o \u00e9 duas vezes mais resistente que qualquer outro vidro de smartphone.<\/p>\n<hr data-start=\"956\" data-end=\"959\">\n<h3 data-start=\"961\" data-end=\"995\">CONTROLE DE C\u00c2MERA EM UM INSTANT\u00c2NEO<\/h3>\n<p data-start=\"996\" data-end=\"1126\">O Camera Control oferece acesso r\u00e1pido a ferramentas como zoom e profundidade de campo, para que voc\u00ea possa capturar a foto perfeita em tempo recorde.<\/p>\n<hr data-start=\"1128\" data-end=\"1131\">\n<h3 data-start=\"1133\" data-end=\"1154\">FOTOS IMPRESSIONANTES<\/h3>\n<p data-start=\"1155\" data-end=\"1348\">Com a c\u00e2mera Fusion de 48 MP, voc\u00ea pode gravar v\u00eddeos Dolby Vision 4K a 120 qps. Tire fotos macro incrivelmente n\u00edtidas e detalhadas e tire fotos amplas com a c\u00e2mera Ultra Wide otimizada de 48 MP.<\/p>\n<hr data-start=\"1350\" data-end=\"1353\">\n<h3 data-start=\"1355\" data-end=\"1370\">V\u00cdDEO PRO<\/h3>\n<p data-start=\"1371\" data-end=\"1473\">Com a c\u00e2mera Fusion de 48 MP, voc\u00ea pode gravar v\u00eddeos Dolby Vision 4K a 120 qps. Um verdadeiro est\u00fadio de bolso.<\/p>\n<hr data-start=\"1475\" data-end=\"1478\">\n<h3 data-start=\"1480\" data-end=\"1505\">ESTILOS FOTOGR\u00c1FICOS<\/h3>\n<p data-start=\"1506\" data-end=\"1706\">Os novos Estilos Fotogr\u00e1ficos oferecem maior flexibilidade para liberar sua criatividade e tirar fotos ainda mais pessoais. E gra\u00e7as ao processamento avan\u00e7ado de imagens, voc\u00ea pode reverter qualquer estilo a qualquer momento.<\/p>\n<hr data-start=\"1708\" data-end=\"1711\">\n<h3 data-start=\"1713\" data-end=\"1739\">O PODER DO A18 PRO<\/h3>\n<p data-start=\"1740\" data-end=\"1872\">O processador A18 Pro oferece recursos avan\u00e7ados de fotografia e v\u00eddeo e o melhor desempenho gr\u00e1fico de todos os tempos para seus jogos AAA.<\/p>\n<hr data-start=\"1874\" data-end=\"1877\">\n<h3 data-start=\"1879\" data-end=\"1912\">UM GRANDE SALTO NA VIDA \u00daTIL DA BATERIA<\/h3>\n<p data-start=\"1913\" data-end=\"2071\">O iPhone 16 Pro Max oferece desempenho incr\u00edvel com at\u00e9 33 horas de reprodu\u00e7\u00e3o de v\u00eddeo. Use um carregador USB-C ou MagSafe para um carregamento sem fio ainda mais r\u00e1pido.<\/p>\n<hr data-start=\"2073\" data-end=\"2076\">\n<h3 data-start=\"2078\" data-end=\"2106\">PERSONALIZE O IPHONE<\/h3>\n<p data-start=\"2107\" data-end=\"2295\">No iOS 18, voc\u00ea pode alterar a cor dos \u00edcones da tela inicial. Encontre rapidamente suas fotos favoritas no novo aplicativo Fotos. Adicione efeitos divertidos e animados a qualquer palavra, frase ou emoji no iMessage.<\/p>\n<hr data-start=\"2297\" data-end=\"2300\">\n<h3 data-start=\"2302\" data-end=\"2329\">RECURSOS VITAIS DE SEGURAN\u00c7A<\/h3>\n<p data-start=\"2330\" data-end=\"2438\">Com Crash Detection, o iPhone detecta acidentes de carro graves e liga automaticamente para os servi\u00e7os de emerg\u00eancia.<\/p>\n<hr data-start=\"2440\" data-end=\"2443\">\n<h3 data-start=\"2445\" data-end=\"2475\">Especifica\u00e7\u00f5es T\u00e9cnicas<\/h3>\n<ul>\n<li data-start=\"2479\" data-end=\"2502\"><strong data-start=\"2479\" data-end=\"2491\">Operador:<\/strong> Desbloqueado<\/li>\n<li data-start=\"2505\" data-end=\"2568\"><strong data-start=\"2505\" data-end=\"2518\">SIM duplo:<\/strong> Dual SIM (nano-SIM and eSIM), Dual eSIM support<\/li>\n<li data-start=\"2571\" data-end=\"2588\"><strong data-start=\"2571\" data-end=\"2583\">Rede:<\/strong> 5G<\/li>\n<li data-start=\"2591\" data-end=\"2624\"><strong data-start=\"2591\" data-end=\"2612\">Sistema operacional:<\/strong> Apple iOS<\/li>\n<li data-start=\"2627\" data-end=\"2643\"><strong data-start=\"2627\" data-end=\"2641\">Processador: <\/strong>Chip A18 Pro, nova CPU de 6 n\u00facleos (2 n\u00facleos de desempenho, 4 n\u00facleos de efici\u00eancia), nova GPU de 6 n\u00facleos, novo mecanismo neural de 16 n\u00facleos<\/li>\n<li data-start=\"2782\" data-end=\"2803\"><strong data-start=\"2782\" data-end=\"2794\">Armazenar:<\/strong> 256 GB<\/li>\n<li data-start=\"2807\" data-end=\"2821\"><strong data-start=\"2807\" data-end=\"2819\">Mostrar: <\/strong>Tela Super Retina XDR, OLED de tela inteira de 6,9 \u200b\u200bpolegadas (diagonal), resolu\u00e7\u00e3o de 2868 \u00d7 1320 a 460 ppi, Dynamic Island, Always-On Display, taxas de atualiza\u00e7\u00e3o adaptativas ProMotion de at\u00e9 120 Hz, tela HDR, True Tone, Wide color (P3), Haptic Touch, rela\u00e7\u00e3o de contraste de 2.000.000: 1 (t\u00edpico), brilho m\u00e1ximo de 1.000 nits (t\u00edpico), Brilho m\u00e1ximo de 1.600 nits (HDR), brilho m\u00e1ximo de 2.000 nits (externo), m\u00ednimo de 1 nit, Revestimento oleof\u00f3bico resistente a impress\u00f5es digitais, Suporta exibi\u00e7\u00e3o simult\u00e2nea de v\u00e1rios idiomas e caracteres<\/li>\n<\/ul>\n<hr data-start=\"3395\" data-end=\"3398\">\n<h3 data-start=\"3400\" data-end=\"3439\">C\u00e2meras traseiras (sistema de c\u00e2mera Pro):<\/h3>\n<ul>\n<li data-start=\"3442\" data-end=\"3572\"><strong data-start=\"3442\" data-end=\"3458\">Fusion 48MP:<\/strong> 24mm, \u0192\/1.78 aperture, 2nd-gen sensor-shift OIS, 100% Focus Pixels, supports 24MP &amp; 48MP high-resolution photos<\/li>\n<li data-start=\"3575\" data-end=\"3659\"><strong data-start=\"3575\" data-end=\"3599\">12MP Telephoto (2x):<\/strong> 52mm, \u0192\/1.6 aperture, sensor-shift OIS, 100% Focus Pixels<\/li>\n<li data-start=\"3662\" data-end=\"3775\"><strong data-start=\"3662\" data-end=\"3682\">48MP Ultra Wide:<\/strong> 13mm, \u0192\/2.2 aperture, 120\u00b0 field of view, hybrid Focus Pixels, high-resolution 48MP photos<\/li>\n<li data-start=\"3778\" data-end=\"3931\"><strong data-start=\"3778\" data-end=\"3802\">12MP Telephoto (5x):<\/strong> 120mm, \u0192\/2.8 aperture, 20\u00b0 field of view, 100% Focus Pixels, 7-element lens, 3D sensor-shift OIS, autofocus, tetraprism design<\/li>\n<\/ul>\n<p data-start=\"3933\" data-end=\"3944\"><strong data-start=\"3933\" data-end=\"3942\">Zoom:<\/strong><\/p>\n<ul>\n<li data-start=\"3947\" data-end=\"3988\">Optical zoom in 5x, optical zoom out 2x<\/li>\n<li data-start=\"3991\" data-end=\"4015\">Total optical zoom 10x<\/li>\n<li data-start=\"4018\" data-end=\"4042\">Digital zoom up to 25x<\/li>\n<\/ul>\n<p data-start=\"4044\" data-end=\"4065\"><strong data-start=\"4044\" data-end=\"4063\">Outros recursos:<\/strong><\/p>\n<ul>\n<li data-start=\"4068\" data-end=\"4084\">Camera Control<\/li>\n<li data-start=\"4087\" data-end=\"4123\">Customizable default lens (Fusion)<\/li>\n<li data-start=\"4126\" data-end=\"4155\">Sapphire crystal lens cover<\/li>\n<li data-start=\"4158\" data-end=\"4184\">Adaptive True Tone flash<\/li>\n<li data-start=\"4187\" data-end=\"4230\">Photonic Engine, Deep Fusion, Smart HDR 5<\/li>\n<li data-start=\"4233\" data-end=\"4280\">Next-gen portraits with Focus &amp; Depth Control<\/li>\n<li data-start=\"4283\" data-end=\"4314\">Portrait Lighting (6 effects)<\/li>\n<li data-start=\"4317\" data-end=\"4358\">Night Mode + Night Portraits with LiDAR<\/li>\n<li data-start=\"4361\" data-end=\"4384\">Panorama (up to 63MP)<\/li>\n<li data-start=\"4387\" data-end=\"4417\">Next-gen Photographic Styles<\/li>\n<li data-start=\"4420\" data-end=\"4436\">Spatial photos<\/li>\n<li data-start=\"4439\" data-end=\"4463\">48MP macro photography<\/li>\n<li data-start=\"4466\" data-end=\"4480\">Apple ProRAW<\/li>\n<li data-start=\"4483\" data-end=\"4516\">Wide color photos &amp; Live Photos<\/li>\n<li data-start=\"4519\" data-end=\"4547\">Ultra Wide lens correction<\/li>\n<li data-start=\"4550\" data-end=\"4579\">Advanced red-eye correction<\/li>\n<li data-start=\"4582\" data-end=\"4608\">Auto image stabilization<\/li>\n<li data-start=\"4611\" data-end=\"4623\">Burst mode<\/li>\n<li data-start=\"4626\" data-end=\"4644\">Photo geotagging<\/li>\n<li data-start=\"4647\" data-end=\"4679\">Image formats: HEIF, JPEG, DNG<\/li>\n<\/ul>\n<hr data-start=\"4681\" data-end=\"4684\">\n<h3 data-start=\"4686\" data-end=\"4722\">Front Camera (TrueDepth 12MP):<\/h3>\n<ul>\n<li data-start=\"4725\" data-end=\"4741\">\u0192\/1.9 aperture<\/li>\n<li data-start=\"4744\" data-end=\"4773\">Autofocus with Focus Pixels<\/li>\n<li data-start=\"4776\" data-end=\"4790\">Retina Flash<\/li>\n<li data-start=\"4793\" data-end=\"4836\">Photonic Engine, Deep Fusion, Smart HDR 5<\/li>\n<li data-start=\"4839\" data-end=\"4886\">Next-gen portraits with Focus &amp; Depth Control<\/li>\n<li data-start=\"4889\" data-end=\"4920\">Portrait Lighting (6 effects)<\/li>\n<li data-start=\"4923\" data-end=\"4941\">Animoji &amp; Memoji<\/li>\n<li data-start=\"4944\" data-end=\"4956\">Night Mode<\/li>\n<li data-start=\"4959\" data-end=\"4989\">Next-gen Photographic Styles<\/li>\n<li data-start=\"4992\" data-end=\"5006\">Apple ProRAW<\/li>\n<li data-start=\"5009\" data-end=\"5042\">Wide color photos &amp; Live Photos<\/li>\n<li data-start=\"5045\" data-end=\"5062\">Lens correction<\/li>\n<li data-start=\"5065\" data-end=\"5091\">Auto image stabilization<\/li>\n<li data-start=\"5094\" data-end=\"5106\">Burst mode<\/li>\n<\/ul>\n<p data-start=\"5108\" data-end=\"5120\"><strong data-start=\"5108\" data-end=\"5118\">Video:<\/strong><\/p>\n<ul>\n<li data-start=\"5123\" data-end=\"5175\">4K Dolby Vision recording at 24, 25, 30, or 60 fps<\/li>\n<li data-start=\"5178\" data-end=\"5229\">1080p Dolby Vision recording at 25, 30, or 60 fps<\/li>\n<li data-start=\"5232\" data-end=\"5280\">Cinematic Mode up to 4K Dolby Vision at 30 fps<\/li>\n<li data-start=\"5283\" data-end=\"5341\">ProRes recording up to 4K at 60 fps (external recording)<\/li>\n<li data-start=\"5344\" data-end=\"5374\">Log recording, ACES encoding<\/li>\n<li data-start=\"5377\" data-end=\"5413\">1080p slow-motion video at 120 fps<\/li>\n<li data-start=\"5416\" data-end=\"5447\">Time-lapse with stabilization<\/li>\n<li data-start=\"5450\" data-end=\"5473\">Night Mode time-lapse<\/li>\n<li data-start=\"5476\" data-end=\"5525\">QuickTake video up to 4K 60 fps in Dolby Vision<\/li>\n<li data-start=\"5528\" data-end=\"5577\">Cinematic video stabilization (4K, 1080p, 720p)<\/li>\n<li data-start=\"5580\" data-end=\"5614\">Spatial Audio &amp; stereo recording<\/li>\n<\/ul>\n<hr data-start=\"5616\" data-end=\"5619\">\n<h3 data-start=\"5621\" data-end=\"5640\">Connectivity:<\/h3>\n<ul>\n<li data-start=\"5643\" data-end=\"5673\">5G (sub-6 GHz) with 4\u00d74 MIMO<\/li>\n<li data-start=\"5676\" data-end=\"5711\">Gigabit LTE with 4\u00d74 MIMO and LAA<\/li>\n<li data-start=\"5714\" data-end=\"5748\">Wi-Fi 7 (802.11be) with 2\u00d72 MIMO<\/li>\n<li data-start=\"5751\" data-end=\"5766\">Bluetooth 5.3<\/li>\n<li data-start=\"5769\" data-end=\"5798\">2nd-gen Ultra Wideband chip<\/li>\n<li data-start=\"5801\" data-end=\"5831\">Thread networking technology<\/li>\n<li data-start=\"5834\" data-end=\"5856\">NFC with reader mode<\/li>\n<li data-start=\"5859\" data-end=\"5893\">Express Cards with power reserve<\/li>\n<\/ul>\n<hr data-start=\"5895\" data-end=\"5898\">\n<h3 data-start=\"5900\" data-end=\"5915\">Location:<\/h3>\n<ul>\n<li data-start=\"5918\" data-end=\"5999\">Dual-frequency, high-precision GPS (GPS, GLONASS, Galileo, QZSS, BeiDou, NavIC)<\/li>\n<li data-start=\"6002\" data-end=\"6019\">Digital compass<\/li>\n<li data-start=\"6022\" data-end=\"6041\">Wi-Fi positioning<\/li>\n<li data-start=\"6044\" data-end=\"6066\">Cellular positioning<\/li>\n<li data-start=\"6069\" data-end=\"6092\">iBeacon microlocation<\/li>\n<\/ul>\n<hr data-start=\"6094\" data-end=\"6097\">\n<h3 data-start=\"6099\" data-end=\"6113\">Sensors:<\/h3>\n<ul>\n<li data-start=\"6116\" data-end=\"6125\">Face ID<\/li>\n<li data-start=\"6128\" data-end=\"6143\">LiDAR Scanner<\/li>\n<li data-start=\"6146\" data-end=\"6157\">Barometer<\/li>\n<li data-start=\"6160\" data-end=\"6190\">High dynamic range gyroscope<\/li>\n<li data-start=\"6193\" data-end=\"6215\">High-g accelerometer<\/li>\n<li data-start=\"6218\" data-end=\"6236\">Proximity sensor<\/li>\n<li data-start=\"6239\" data-end=\"6267\">Dual ambient light sensors<\/li>\n<\/ul>\n<hr data-start=\"6269\" data-end=\"6272\">\n<h3 data-start=\"6274\" data-end=\"6288\">Battery:<\/h3>\n<ul>\n<li data-start=\"6291\" data-end=\"6334\">Built-in rechargeable lithium-ion battery<\/li>\n<li data-start=\"6337\" data-end=\"6408\">Wireless charging with MagSafe up to 25W (with 30W adapter or higher)<\/li>\n<li data-start=\"6411\" data-end=\"6449\">Wireless charging with Qi up to 7.5W<\/li>\n<li data-start=\"6452\" data-end=\"6539\">Fast charging: up to 50% in ~30 min with 20W adapter (USB-C) or 30W adapter (MagSafe)<\/li>\n<\/ul>\n<hr data-start=\"6541\" data-end=\"6544\">\n<h3 data-start=\"6546\" data-end=\"6572\">Dimensions &amp; Weight:<\/h3>\n<ul>\n<li data-start=\"6575\" data-end=\"6613\"><strong data-start=\"6575\" data-end=\"6590\">Dimensions:<\/strong> 163 \u00d7 77.6 \u00d7 8.25 mm<\/li>\n<li data-start=\"6616\" data-end=\"6635\"><strong data-start=\"6616\" data-end=\"6627\">Weight:<\/strong> 227 g<\/li>\n<\/ul>\t\t\t\t\t\t\t\t<\/div>\n\t\t\t\t<\/div>\n\t\t\t\t\t<\/div>\n\t\t\t\t<\/div>\n\t\t\t\t<\/div>","protected":false},"excerpt":{"rendered":"<p>O iPhone 16 Pro Max apresenta um design de tit\u00e2nio Grau 5 com um elegante acabamento microjateado. O tit\u00e2nio \u00e9 um dos metais com a maior rela\u00e7\u00e3o resist\u00eancia\/peso, tornando estes modelos incrivelmente dur\u00e1veis, mas surpreendentemente leves. O iPhone 16 Pro est\u00e1 dispon\u00edvel em quatro cores, incluindo o novo Desert Titanium. No interior tamb\u00e9m h\u00e1 inova\u00e7\u00f5es not\u00e1veis. A subestrutura t\u00e9rmica de alum\u00ednio 100% reciclado e as otimiza\u00e7\u00f5es no vidro traseiro dissipam mais calor, permitindo um aumento cont\u00ednuo de desempenho de 20% em compara\u00e7\u00e3o com o iPhone 15 Pro. Prepare-se para maratonas de jogos, trabalho ou qualquer outra coisa que voc\u00ea goste.<\/p>","protected":false},"featured_media":10229,"comment_status":"open","ping_status":"closed","template":"","meta":[],"product_brand":[353],"product_cat":[354],"product_tag":[],"class_list":{"0":"post-10286","1":"product","2":"type-product","3":"status-publish","4":"has-post-thumbnail","6":"product_brand-iphone","7":"product_cat-iphone","8":"product_shipping_class-phones","10":"first","11":"instock","12":"shipping-taxable","13":"purchasable","14":"product-type-variable","15":"has-default-attributes","16":"add-to-wishlist-after_add_to_cart"},"yoast_head":"<!-- This site is optimized with the Yoast SEO plugin v26.5 - https:\/\/yoast.com\/wordpress\/plugins\/seo\/ -->\n<title>iPhone 16 Pro Max - Wrapio Shop<\/title>\n<meta name=\"robots\" content=\"index, follow, max-snippet:-1, max-image-preview:large, max-video-preview:-1\" \/>\n<link rel=\"canonical\" href=\"https:\/\/wrapio.shop\/pt\/produto\/iphone-16-pro-max\/\" \/>\n<meta property=\"og:locale\" content=\"pt_PT\" \/>\n<meta property=\"og:type\" content=\"article\" \/>\n<meta property=\"og:title\" content=\"iPhone 16 Pro Max - Wrapio Shop\" \/>\n<meta property=\"og:description\" content=\"The iPhone 16 Pro Max features a Grade 5 titanium design with an elegant micro-blasted finish. Titanium is one of the metals with the highest strength-to-weight ratio, making these models incredibly durable yet surprisingly lightweight. The iPhone 16 Pro is available in four colors, including the new Desert Titanium. Inside, there are also remarkable innovations. The 100% recycled aluminum thermal substructure and optimizations in the rear glass dissipate more heat, enabling a continuous performance increase of 20% compared to the iPhone 15 Pro. Get ready for gaming marathons, work, or anything else you enjoy.\" \/>\n<meta property=\"og:url\" content=\"https:\/\/wrapio.shop\/pt\/produto\/iphone-16-pro-max\/\" \/>\n<meta property=\"og:site_name\" content=\"Wrapio Shop\" \/>\n<meta property=\"article:modified_time\" content=\"2026-03-25T12:55:43+00:00\" \/>\n<meta property=\"og:image\" content=\"https:\/\/wrapio.shop\/wp-content\/uploads\/2025\/08\/Natural-2-1-scaled.webp\" \/>\n\t<meta property=\"og:image:width\" content=\"2560\" \/>\n\t<meta property=\"og:image:height\" content=\"2560\" \/>\n\t<meta property=\"og:image:type\" content=\"image\/webp\" \/>\n<meta name=\"twitter:card\" content=\"summary_large_image\" \/>\n<meta name=\"twitter:label1\" content=\"Tempo estimado de leitura\" \/>\n\t<meta name=\"twitter:data1\" content=\"5 minutos\" \/>\n<!-- \/ Yoast SEO plugin. -->","yoast_head_json":{"title":"iPhone 16 Pro Max - Wrapio Shop","robots":{"index":"index","follow":"follow","max-snippet":"max-snippet:-1","max-image-preview":"max-image-preview:large","max-video-preview":"max-video-preview:-1"},"canonical":"https:\/\/wrapio.shop\/pt\/produto\/iphone-16-pro-max\/","og_locale":"pt_PT","og_type":"article","og_title":"iPhone 16 Pro Max - Wrapio Shop","og_description":"The iPhone 16 Pro Max features a Grade 5 titanium design with an elegant micro-blasted finish. Titanium is one of the metals with the highest strength-to-weight ratio, making these models incredibly durable yet surprisingly lightweight. The iPhone 16 Pro is available in four colors, including the new Desert Titanium. Inside, there are also remarkable innovations. The 100% recycled aluminum thermal substructure and optimizations in the rear glass dissipate more heat, enabling a continuous performance increase of 20% compared to the iPhone 15 Pro. Get ready for gaming marathons, work, or anything else you enjoy.","og_url":"https:\/\/wrapio.shop\/pt\/produto\/iphone-16-pro-max\/","og_site_name":"Wrapio Shop","article_modified_time":"2026-03-25T12:55:43+00:00","og_image":[{"width":2560,"height":2560,"url":"https:\/\/wrapio.shop\/wp-content\/uploads\/2025\/08\/Natural-2-1-scaled.webp","type":"image\/webp"}],"twitter_card":"summary_large_image","twitter_misc":{"Tempo estimado de leitura":"5 minutos"},"schema":{"@context":"https:\/\/schema.org","@graph":[{"@type":"WebPage","@id":"https:\/\/wrapio.shop\/product\/iphone-16-pro-max\/","url":"https:\/\/wrapio.shop\/product\/iphone-16-pro-max\/","name":"iPhone 16 Pro Max - Wrapio Shop","isPartOf":{"@id":"https:\/\/wrapio.shop\/#website"},"primaryImageOfPage":{"@id":"https:\/\/wrapio.shop\/product\/iphone-16-pro-max\/#primaryimage"},"image":{"@id":"https:\/\/wrapio.shop\/product\/iphone-16-pro-max\/#primaryimage"},"thumbnailUrl":"https:\/\/wrapio.shop\/wp-content\/uploads\/2025\/08\/Natural-2-1-scaled.webp","datePublished":"2025-08-28T10:52:21+00:00","dateModified":"2026-03-25T12:55:43+00:00","breadcrumb":{"@id":"https:\/\/wrapio.shop\/product\/iphone-16-pro-max\/#breadcrumb"},"inLanguage":"pt-PT","potentialAction":[{"@type":"ReadAction","target":["https:\/\/wrapio.shop\/product\/iphone-16-pro-max\/"]}]},{"@type":"ImageObject","inLanguage":"pt-PT","@id":"https:\/\/wrapio.shop\/product\/iphone-16-pro-max\/#primaryimage","url":"https:\/\/wrapio.shop\/wp-content\/uploads\/2025\/08\/Natural-2-1-scaled.webp","contentUrl":"https:\/\/wrapio.shop\/wp-content\/uploads\/2025\/08\/Natural-2-1-scaled.webp","width":2560,"height":2560},{"@type":"BreadcrumbList","@id":"https:\/\/wrapio.shop\/product\/iphone-16-pro-max\/#breadcrumb","itemListElement":[{"@type":"ListItem","position":1,"name":"Home","item":"https:\/\/wrapio.shop\/"},{"@type":"ListItem","position":2,"name":"Shop","item":"https:\/\/wrapio.shop\/shop\/"},{"@type":"ListItem","position":3,"name":"iPhone 16 Pro Max"}]},{"@type":"WebSite","@id":"https:\/\/wrapio.shop\/#website","url":"https:\/\/wrapio.shop\/","name":"Wrapio Shop","description":"Redesign Your Phone and Cards","potentialAction":[{"@type":"SearchAction","target":{"@type":"EntryPoint","urlTemplate":"https:\/\/wrapio.shop\/?s={search_term_string}"},"query-input":{"@type":"PropertyValueSpecification","valueRequired":true,"valueName":"search_term_string"}}],"inLanguage":"pt-PT"}]}},"_links":{"self":[{"href":"https:\/\/wrapio.shop\/pt\/wp-json\/wp\/v2\/product\/10286","targetHints":{"allow":["GET"]}}],"collection":[{"href":"https:\/\/wrapio.shop\/pt\/wp-json\/wp\/v2\/product"}],"about":[{"href":"https:\/\/wrapio.shop\/pt\/wp-json\/wp\/v2\/types\/product"}],"replies":[{"embeddable":true,"href":"https:\/\/wrapio.shop\/pt\/wp-json\/wp\/v2\/comments?post=10286"}],"version-history":[{"count":3,"href":"https:\/\/wrapio.shop\/pt\/wp-json\/wp\/v2\/product\/10286\/revisions"}],"predecessor-version":[{"id":12771,"href":"https:\/\/wrapio.shop\/pt\/wp-json\/wp\/v2\/product\/10286\/revisions\/12771"}],"wp:featuredmedia":[{"embeddable":true,"href":"https:\/\/wrapio.shop\/pt\/wp-json\/wp\/v2\/media\/10229"}],"wp:attachment":[{"href":"https:\/\/wrapio.shop\/pt\/wp-json\/wp\/v2\/media?parent=10286"}],"wp:term":[{"taxonomy":"product_brand","embeddable":true,"href":"https:\/\/wrapio.shop\/pt\/wp-json\/wp\/v2\/product_brand?post=10286"},{"taxonomy":"product_cat","embeddable":true,"href":"https:\/\/wrapio.shop\/pt\/wp-json\/wp\/v2\/product_cat?post=10286"},{"taxonomy":"product_tag","embeddable":true,"href":"https:\/\/wrapio.shop\/pt\/wp-json\/wp\/v2\/product_tag?post=10286"}],"curies":[{"name":"wp","href":"https:\/\/api.w.org\/{rel}","templated":true}]}}