{"id":11591,"date":"2025-12-20T08:38:03","date_gmt":"2025-12-20T08:38:03","guid":{"rendered":"https:\/\/wrapio.shop\/imprint\/"},"modified":"2025-12-20T08:38:03","modified_gmt":"2025-12-20T08:38:03","slug":"imprint","status":"publish","type":"page","link":"https:\/\/wrapio.shop\/pt\/imprint\/","title":{"rendered":"Imprint"},"content":{"rendered":"<!-- Legal document generated by Complianz | GDPR\/CCPA Cookie Consent https:\/\/wordpress.org\/plugins\/complianz-gdpr -->\n<div id=\"cmplz-document\" class=\"cmplz-document impressum cmplz-document-all\"><p><i>Este imprint foi atualizado pela \u00faltima vez em Dezembro 20, 2025.<\/i><\/p><p class=\"cmplz-subtitle\">O propriet\u00e1rio deste site \u00e9:<\/p><p>Manish Kumar Sole Proprietorship LTD<br>Caracol da Gra\u00e7a 2, 1100-495 Lisboa<br>Portugal<br>E-mail:&nbsp;<span class=\"cmplz-obfuscate\">su&#112;&#112;&#111;r&#116;@<span class=\"cmplz-fmail-domain\">ex.&#099;o&#109;<\/span>wr&#097;&#112;&#105;&#111;&#046;s&#104;o&#112;<\/span><br>Telefone: +351 965394618<br>NIF:&nbsp;519113837<\/p><p class=\"cmplz-subtitle\">O(s) representante(s) legal(is) de Manish Kumar Sole Proprietorship LTD:<\/p><p>Manish Kumar<\/p><h2>1. Geral<\/h2><p class=\"cmplz-subtitle\">1.1 Estamos registados em Chamber Of Commerce sob a licen\u00e7a ou n\u00famero de registo:<\/p><p>14787242 1ZW2<\/p><p class=\"cmplz-subtitle\">1.2 O nome da nossa autoridade supervisora \u00e9:<\/p><p>No<\/p><p class=\"cmplz-subtitle\">1.3 Exibimos servi\u00e7os ou produtos em nosso site, que exigem registo na seguinte associa\u00e7\u00e3o profissional:<\/p><p>No<\/p><p class=\"cmplz-subtitle\">1.4 As seguintes regras e regulamentos profissionais aplicam-se \u00e0 nossa organiza\u00e7\u00e3o:<\/p><p>No<\/p><p>Pode aceder a essas regras e regulamentos aqui:<br \/>No<\/p><p>Estamos dispostos ou somos obrigados a participar de procedimentos de resolu\u00e7\u00e3o de disputas perante um conselho de arbitragem de consumidores.<\/p><h2>2. As seguintes informa\u00e7\u00f5es a s\u00e3o obrigat\u00f3rias de acordo com a lei alem\u00e3.<\/h2><p class=\"cmplz-subtitle\">2.1 Die Eigentumsanteile der Gesellschaft (Aktienkapital), die von ihr ausgegeben wurden:<\/p><p>25000<\/p><\/div>","protected":false},"excerpt":{"rendered":"","protected":false},"author":1,"featured_media":0,"parent":0,"menu_order":0,"comment_status":"closed","ping_status":"closed","template":"","meta":{"footnotes":""},"class_list":["post-11591","page","type-page","status-publish","hentry"],"yoast_head":"<!-- This site is optimized with the Yoast SEO plugin v26.5 - https:\/\/yoast.com\/wordpress\/plugins\/seo\/ -->\n<title>Imprint - Wrapio Shop<\/title>\n<meta name=\"robots\" content=\"index, follow, max-snippet:-1, max-image-preview:large, max-video-preview:-1\" \/>\n<link rel=\"canonical\" href=\"https:\/\/wrapio.shop\/pt\/imprint\/\" \/>\n<meta property=\"og:locale\" content=\"pt_PT\" \/>\n<meta property=\"og:type\" content=\"article\" \/>\n<meta property=\"og:title\" content=\"Imprint - Wrapio Shop\" \/>\n<meta property=\"og:url\" content=\"https:\/\/wrapio.shop\/pt\/imprint\/\" \/>\n<meta property=\"og:site_name\" content=\"Wrapio Shop\" \/>\n<meta name=\"twitter:card\" content=\"summary_large_image\" \/>\n<!-- \/ Yoast SEO plugin. -->","yoast_head_json":{"title":"Imprint - Wrapio Shop","robots":{"index":"index","follow":"follow","max-snippet":"max-snippet:-1","max-image-preview":"max-image-preview:large","max-video-preview":"max-video-preview:-1"},"canonical":"https:\/\/wrapio.shop\/pt\/imprint\/","og_locale":"pt_PT","og_type":"article","og_title":"Imprint - Wrapio Shop","og_url":"https:\/\/wrapio.shop\/pt\/imprint\/","og_site_name":"Wrapio Shop","twitter_card":"summary_large_image","schema":{"@context":"https:\/\/schema.org","@graph":[{"@type":"WebPage","@id":"https:\/\/wrapio.shop\/imprint\/","url":"https:\/\/wrapio.shop\/imprint\/","name":"Imprint - Wrapio Shop","isPartOf":{"@id":"https:\/\/wrapio.shop\/#website"},"datePublished":"2025-12-20T08:38:03+00:00","breadcrumb":{"@id":"https:\/\/wrapio.shop\/imprint\/#breadcrumb"},"inLanguage":"pt-PT","potentialAction":[{"@type":"ReadAction","target":["https:\/\/wrapio.shop\/imprint\/"]}]},{"@type":"BreadcrumbList","@id":"https:\/\/wrapio.shop\/imprint\/#breadcrumb","itemListElement":[{"@type":"ListItem","position":1,"name":"Home","item":"https:\/\/wrapio.shop\/"},{"@type":"ListItem","position":2,"name":"Imprint"}]},{"@type":"WebSite","@id":"https:\/\/wrapio.shop\/#website","url":"https:\/\/wrapio.shop\/","name":"Wrapio Shop","description":"Redesign Your Phone and Cards","potentialAction":[{"@type":"SearchAction","target":{"@type":"EntryPoint","urlTemplate":"https:\/\/wrapio.shop\/?s={search_term_string}"},"query-input":{"@type":"PropertyValueSpecification","valueRequired":true,"valueName":"search_term_string"}}],"inLanguage":"pt-PT"}]}},"_links":{"self":[{"href":"https:\/\/wrapio.shop\/pt\/wp-json\/wp\/v2\/pages\/11591","targetHints":{"allow":["GET"]}}],"collection":[{"href":"https:\/\/wrapio.shop\/pt\/wp-json\/wp\/v2\/pages"}],"about":[{"href":"https:\/\/wrapio.shop\/pt\/wp-json\/wp\/v2\/types\/page"}],"author":[{"embeddable":true,"href":"https:\/\/wrapio.shop\/pt\/wp-json\/wp\/v2\/users\/1"}],"replies":[{"embeddable":true,"href":"https:\/\/wrapio.shop\/pt\/wp-json\/wp\/v2\/comments?post=11591"}],"version-history":[{"count":0,"href":"https:\/\/wrapio.shop\/pt\/wp-json\/wp\/v2\/pages\/11591\/revisions"}],"wp:attachment":[{"href":"https:\/\/wrapio.shop\/pt\/wp-json\/wp\/v2\/media?parent=11591"}],"curies":[{"name":"wp","href":"https:\/\/api.w.org\/{rel}","templated":true}]}}